{"id":107,"date":"2024-11-07T08:04:20","date_gmt":"2024-11-07T07:04:20","guid":{"rendered":"https:\/\/www.msknm.sk\/?page_id=107"},"modified":"2024-11-09T09:41:57","modified_gmt":"2024-11-09T08:41:57","slug":"plan-aktivit","status":"publish","type":"page","link":"https:\/\/www.msknm.sk\/index.php\/plan-aktivit\/","title":{"rendered":"Aktivity v materskej \u0161kole"},"content":{"rendered":"\t\t<div data-elementor-type=\"wp-page\" data-elementor-id=\"107\" class=\"elementor elementor-107\">\n\t\t\t\t<div class=\"elementor-element elementor-element-9a99c17 e-flex e-con-boxed e-con e-parent\" data-id=\"9a99c17\" data-element_type=\"container\" data-e-type=\"container\">\n\t\t\t\t\t<div class=\"e-con-inner\">\n\t\t\t\t<div class=\"elementor-element elementor-element-e94cc03 elementor-invisible elementor-widget elementor-widget-heading\" data-id=\"e94cc03\" data-element_type=\"widget\" data-e-type=\"widget\" data-settings=\"{&quot;_animation&quot;:&quot;fadeIn&quot;,&quot;_animation_delay&quot;:100}\" data-widget_type=\"heading.default\">\n\t\t\t\t<div class=\"elementor-widget-container\">\n\t\t\t\t\t<h1 class=\"elementor-heading-title elementor-size-default\"><h2 style=\"font-family: Roboto;margin-bottom: 15px;font-size: 23px;font-style: normal\"><span class=\"fa fa-calendar\" style=\"font-weight: 900;margin-right: 8px\"><\/span><font style=\"vertical-align: inherit\">Aktivity v materskej \u0161kole<\/font><\/h2><\/h1>\t\t\t\t<\/div>\n\t\t\t\t<\/div>\n\t\t\t\t\t<\/div>\n\t\t\t\t<\/div>\n\t\t<div class=\"elementor-element elementor-element-f189255 e-flex e-con-boxed e-con e-parent\" data-id=\"f189255\" data-element_type=\"container\" data-e-type=\"container\">\n\t\t\t\t\t<div class=\"e-con-inner\">\n\t\t\t\t<div class=\"elementor-element elementor-element-9d5567e elementor-invisible elementor-widget elementor-widget-text-editor\" data-id=\"9d5567e\" data-element_type=\"widget\" data-e-type=\"widget\" data-settings=\"{&quot;_animation&quot;:&quot;fadeIn&quot;,&quot;_animation_delay&quot;:200}\" data-widget_type=\"text-editor.default\">\n\t\t\t\t<div class=\"elementor-widget-container\">\n\t\t\t\t\t\t\t\t\t<h1><span style=\"text-decoration: underline;\">NOVEMBER<\/span><\/h1>\n<ul>\n<li>pozn\u00e1vacie vych\u00e1dzky &#8211; posil\u0148ova\u0165 kladn\u00fd vz\u0165ah det\u00ed k bl\u00edzkemu okoliu<\/li>\n<li>Vzdel\u00e1vacie podujatie v kni\u017enici<\/li>\n<\/ul>\t\t\t\t\t\t\t\t<\/div>\n\t\t\t\t<\/div>\n\t\t\t\t\t<\/div>\n\t\t\t\t<\/div>\n\t\t<div class=\"elementor-element elementor-element-59ac353 e-flex e-con-boxed e-con e-parent\" data-id=\"59ac353\" data-element_type=\"container\" data-e-type=\"container\">\n\t\t\t\t\t<div class=\"e-con-inner\">\n\t\t\t\t<div class=\"elementor-element elementor-element-c14bbba elementor-widget-divider--view-line elementor-invisible elementor-widget elementor-widget-divider\" data-id=\"c14bbba\" data-element_type=\"widget\" data-e-type=\"widget\" data-settings=\"{&quot;_animation&quot;:&quot;fadeIn&quot;,&quot;_animation_delay&quot;:300}\" data-widget_type=\"divider.default\">\n\t\t\t\t<div class=\"elementor-widget-container\">\n\t\t\t\t\t\t\t<div class=\"elementor-divider\">\n\t\t\t<span class=\"elementor-divider-separator\">\n\t\t\t\t\t\t<\/span>\n\t\t<\/div>\n\t\t\t\t\t\t<\/div>\n\t\t\t\t<\/div>\n\t\t\t\t\t<\/div>\n\t\t\t\t<\/div>\n\t\t<div class=\"elementor-element elementor-element-49a3476 e-flex e-con-boxed e-con e-parent\" data-id=\"49a3476\" data-element_type=\"container\" data-e-type=\"container\">\n\t\t\t\t\t<div class=\"e-con-inner\">\n\t\t\t\t<div class=\"elementor-element elementor-element-7988acf elementor-invisible elementor-widget elementor-widget-text-editor\" data-id=\"7988acf\" data-element_type=\"widget\" data-e-type=\"widget\" data-settings=\"{&quot;_animation&quot;:&quot;fadeIn&quot;,&quot;_animation_delay&quot;:400}\" data-widget_type=\"text-editor.default\">\n\t\t\t\t<div class=\"elementor-widget-container\">\n\t\t\t\t\t\t\t\t\t<h1><span style=\"text-decoration: underline;\">DECEMBER<\/span><\/h1><ul class=\"wi146-orange\"><li>pre\u017e\u00edvanie adventn\u00e9ho obdobia spojen\u00e9ho s\u00a0pr\u00edpravou viano\u010dn\u00fdch pozdravov a\u00a0dar\u010dekov<\/li><li>Divadeln\u00e9 predstavenie &#8211; spojen\u00e9 s\u00a0pr\u00edchodom \u201eMikul\u00e1\u0161a\u201c<\/li><li>Viano\u010dn\u00e9 besiedky &#8211; zdobenie medovn\u00edkov s rodi\u010dmi<\/li><\/ul><p>\u00a0<\/p>\t\t\t\t\t\t\t\t<\/div>\n\t\t\t\t<\/div>\n\t\t\t\t\t<\/div>\n\t\t\t\t<\/div>\n\t\t<div class=\"elementor-element elementor-element-28a7587 e-flex e-con-boxed e-con e-parent\" data-id=\"28a7587\" data-element_type=\"container\" data-e-type=\"container\">\n\t\t\t\t\t<div class=\"e-con-inner\">\n\t\t\t\t<div class=\"elementor-element elementor-element-191d44f elementor-widget-divider--view-line elementor-invisible elementor-widget elementor-widget-divider\" data-id=\"191d44f\" data-element_type=\"widget\" data-e-type=\"widget\" data-settings=\"{&quot;_animation&quot;:&quot;fadeIn&quot;,&quot;_animation_delay&quot;:500}\" data-widget_type=\"divider.default\">\n\t\t\t\t<div class=\"elementor-widget-container\">\n\t\t\t\t\t\t\t<div class=\"elementor-divider\">\n\t\t\t<span class=\"elementor-divider-separator\">\n\t\t\t\t\t\t<\/span>\n\t\t<\/div>\n\t\t\t\t\t\t<\/div>\n\t\t\t\t<\/div>\n\t\t\t\t\t<\/div>\n\t\t\t\t<\/div>\n\t\t\t\t<\/div>\n\t\t","protected":false},"excerpt":{"rendered":"<p>Aktivity v materskej \u0161kole NOVEMBER pozn\u00e1vacie vych\u00e1dzky &#8211; posil\u0148ova\u0165 kladn\u00fd vz\u0165ah det\u00ed k bl\u00edzkemu okoliu Vzdel\u00e1vacie podujatie v kni\u017enici DECEMBER pre\u017e\u00edvanie adventn\u00e9ho obdobia spojen\u00e9ho s\u00a0pr\u00edpravou viano\u010dn\u00fdch pozdravov a\u00a0dar\u010dekov Divadeln\u00e9 predstavenie &#8211; spojen\u00e9 s\u00a0pr\u00edchodom \u201eMikul\u00e1\u0161a\u201c Viano\u010dn\u00e9 besiedky &#8211; zdobenie medovn\u00edkov s rodi\u010dmi \u00a0<\/p>\n","protected":false},"author":1,"featured_media":0,"parent":0,"menu_order":0,"comment_status":"closed","ping_status":"closed","template":"","meta":{"ngg_post_thumbnail":0,"ocean_post_layout":"","ocean_both_sidebars_style":"","ocean_both_sidebars_content_width":0,"ocean_both_sidebars_sidebars_width":0,"ocean_sidebar":"","ocean_second_sidebar":"","ocean_disable_margins":"enable","ocean_add_body_class":"","ocean_shortcode_before_top_bar":"","ocean_shortcode_after_top_bar":"","ocean_shortcode_before_header":"","ocean_shortcode_after_header":"","ocean_has_shortcode":"","ocean_shortcode_after_title":"","ocean_shortcode_before_footer_widgets":"","ocean_shortcode_after_footer_widgets":"","ocean_shortcode_before_footer_bottom":"","ocean_shortcode_after_footer_bottom":"","ocean_display_top_bar":"default","ocean_display_header":"default","ocean_header_style":"","ocean_center_header_left_menu":"","ocean_custom_header_template":"","ocean_custom_logo":0,"ocean_custom_retina_logo":0,"ocean_custom_logo_max_width":0,"ocean_custom_logo_tablet_max_width":0,"ocean_custom_logo_mobile_max_width":0,"ocean_custom_logo_max_height":0,"ocean_custom_logo_tablet_max_height":0,"ocean_custom_logo_mobile_max_height":0,"ocean_header_custom_menu":"","ocean_menu_typo_font_family":"","ocean_menu_typo_font_subset":"","ocean_menu_typo_font_size":0,"ocean_menu_typo_font_size_tablet":0,"ocean_menu_typo_font_size_mobile":0,"ocean_menu_typo_font_size_unit":"px","ocean_menu_typo_font_weight":"","ocean_menu_typo_font_weight_tablet":"","ocean_menu_typo_font_weight_mobile":"","ocean_menu_typo_transform":"","ocean_menu_typo_transform_tablet":"","ocean_menu_typo_transform_mobile":"","ocean_menu_typo_line_height":0,"ocean_menu_typo_line_height_tablet":0,"ocean_menu_typo_line_height_mobile":0,"ocean_menu_typo_line_height_unit":"","ocean_menu_typo_spacing":0,"ocean_menu_typo_spacing_tablet":0,"ocean_menu_typo_spacing_mobile":0,"ocean_menu_typo_spacing_unit":"","ocean_menu_link_color":"","ocean_menu_link_color_hover":"","ocean_menu_link_color_active":"","ocean_menu_link_background":"","ocean_menu_link_hover_background":"","ocean_menu_link_active_background":"","ocean_menu_social_links_bg":"","ocean_menu_social_hover_links_bg":"","ocean_menu_social_links_color":"","ocean_menu_social_hover_links_color":"","ocean_disable_title":"default","ocean_disable_heading":"default","ocean_post_title":"","ocean_post_subheading":"","ocean_post_title_style":"","ocean_post_title_background_color":"","ocean_post_title_background":0,"ocean_post_title_bg_image_position":"","ocean_post_title_bg_image_attachment":"","ocean_post_title_bg_image_repeat":"","ocean_post_title_bg_image_size":"","ocean_post_title_height":0,"ocean_post_title_bg_overlay":0.5,"ocean_post_title_bg_overlay_color":"","ocean_disable_breadcrumbs":"default","ocean_breadcrumbs_color":"","ocean_breadcrumbs_separator_color":"","ocean_breadcrumbs_links_color":"","ocean_breadcrumbs_links_hover_color":"","ocean_display_footer_widgets":"default","ocean_display_footer_bottom":"default","ocean_custom_footer_template":"","footnotes":""},"class_list":["post-107","page","type-page","status-publish","hentry","entry"],"yoast_head":"<!-- This site is optimized with the Yoast SEO plugin v27.4 - https:\/\/yoast.com\/product\/yoast-seo-wordpress\/ -->\n<title>Aktivity v materskej \u0161kole - Matersk\u00e1 \u0161kola 9. M\u00e1ja KNM<\/title>\n<meta name=\"robots\" content=\"index, follow, max-snippet:-1, max-image-preview:large, max-video-preview:-1\" \/>\n<link rel=\"canonical\" href=\"https:\/\/www.msknm.sk\/index.php\/plan-aktivit\/\" \/>\n<meta property=\"og:locale\" content=\"sk_SK\" \/>\n<meta property=\"og:type\" content=\"article\" \/>\n<meta property=\"og:title\" content=\"Aktivity v materskej \u0161kole - Matersk\u00e1 \u0161kola 9. M\u00e1ja KNM\" \/>\n<meta property=\"og:description\" content=\"Aktivity v materskej \u0161kole NOVEMBER pozn\u00e1vacie vych\u00e1dzky &#8211; posil\u0148ova\u0165 kladn\u00fd vz\u0165ah det\u00ed k bl\u00edzkemu okoliu Vzdel\u00e1vacie podujatie v kni\u017enici DECEMBER pre\u017e\u00edvanie adventn\u00e9ho obdobia spojen\u00e9ho s\u00a0pr\u00edpravou viano\u010dn\u00fdch pozdravov a\u00a0dar\u010dekov Divadeln\u00e9 predstavenie &#8211; spojen\u00e9 s\u00a0pr\u00edchodom \u201eMikul\u00e1\u0161a\u201c Viano\u010dn\u00e9 besiedky &#8211; zdobenie medovn\u00edkov s rodi\u010dmi \u00a0\" \/>\n<meta property=\"og:url\" content=\"https:\/\/www.msknm.sk\/index.php\/plan-aktivit\/\" \/>\n<meta property=\"og:site_name\" content=\"Matersk\u00e1 \u0161kola 9. M\u00e1ja KNM\" \/>\n<meta property=\"article:modified_time\" content=\"2024-11-09T08:41:57+00:00\" \/>\n<meta name=\"twitter:card\" content=\"summary_large_image\" \/>\n<meta name=\"twitter:label1\" content=\"Predpokladan\u00fd \u010das \u010d\u00edtania\" \/>\n\t<meta name=\"twitter:data1\" content=\"1 min\u00fata\" \/>\n<script type=\"application\/ld+json\" class=\"yoast-schema-graph\">{\"@context\":\"https:\\\/\\\/schema.org\",\"@graph\":[{\"@type\":\"WebPage\",\"@id\":\"https:\\\/\\\/www.msknm.sk\\\/index.php\\\/plan-aktivit\\\/\",\"url\":\"https:\\\/\\\/www.msknm.sk\\\/index.php\\\/plan-aktivit\\\/\",\"name\":\"Aktivity v materskej \u0161kole - Matersk\u00e1 \u0161kola 9. M\u00e1ja KNM\",\"isPartOf\":{\"@id\":\"https:\\\/\\\/www.msknm.sk\\\/#website\"},\"datePublished\":\"2024-11-07T07:04:20+00:00\",\"dateModified\":\"2024-11-09T08:41:57+00:00\",\"breadcrumb\":{\"@id\":\"https:\\\/\\\/www.msknm.sk\\\/index.php\\\/plan-aktivit\\\/#breadcrumb\"},\"inLanguage\":\"sk-SK\",\"potentialAction\":[{\"@type\":\"ReadAction\",\"target\":[\"https:\\\/\\\/www.msknm.sk\\\/index.php\\\/plan-aktivit\\\/\"]}]},{\"@type\":\"BreadcrumbList\",\"@id\":\"https:\\\/\\\/www.msknm.sk\\\/index.php\\\/plan-aktivit\\\/#breadcrumb\",\"itemListElement\":[{\"@type\":\"ListItem\",\"position\":1,\"name\":\"Domovsk\u00e1 str\u00e1nka\",\"item\":\"https:\\\/\\\/www.msknm.sk\\\/\"},{\"@type\":\"ListItem\",\"position\":2,\"name\":\"Aktivity v materskej \u0161kole\"}]},{\"@type\":\"WebSite\",\"@id\":\"https:\\\/\\\/www.msknm.sk\\\/#website\",\"url\":\"https:\\\/\\\/www.msknm.sk\\\/\",\"name\":\"Matersk\u00e1 \u0161kola\",\"description\":\"\",\"potentialAction\":[{\"@type\":\"SearchAction\",\"target\":{\"@type\":\"EntryPoint\",\"urlTemplate\":\"https:\\\/\\\/www.msknm.sk\\\/?s={search_term_string}\"},\"query-input\":{\"@type\":\"PropertyValueSpecification\",\"valueRequired\":true,\"valueName\":\"search_term_string\"}}],\"inLanguage\":\"sk-SK\"}]}<\/script>\n<!-- \/ Yoast SEO plugin. -->","yoast_head_json":{"title":"Aktivity v materskej \u0161kole - Matersk\u00e1 \u0161kola 9. M\u00e1ja KNM","robots":{"index":"index","follow":"follow","max-snippet":"max-snippet:-1","max-image-preview":"max-image-preview:large","max-video-preview":"max-video-preview:-1"},"canonical":"https:\/\/www.msknm.sk\/index.php\/plan-aktivit\/","og_locale":"sk_SK","og_type":"article","og_title":"Aktivity v materskej \u0161kole - Matersk\u00e1 \u0161kola 9. M\u00e1ja KNM","og_description":"Aktivity v materskej \u0161kole NOVEMBER pozn\u00e1vacie vych\u00e1dzky &#8211; posil\u0148ova\u0165 kladn\u00fd vz\u0165ah det\u00ed k bl\u00edzkemu okoliu Vzdel\u00e1vacie podujatie v kni\u017enici DECEMBER pre\u017e\u00edvanie adventn\u00e9ho obdobia spojen\u00e9ho s\u00a0pr\u00edpravou viano\u010dn\u00fdch pozdravov a\u00a0dar\u010dekov Divadeln\u00e9 predstavenie &#8211; spojen\u00e9 s\u00a0pr\u00edchodom \u201eMikul\u00e1\u0161a\u201c Viano\u010dn\u00e9 besiedky &#8211; zdobenie medovn\u00edkov s rodi\u010dmi \u00a0","og_url":"https:\/\/www.msknm.sk\/index.php\/plan-aktivit\/","og_site_name":"Matersk\u00e1 \u0161kola 9. M\u00e1ja KNM","article_modified_time":"2024-11-09T08:41:57+00:00","twitter_card":"summary_large_image","twitter_misc":{"Predpokladan\u00fd \u010das \u010d\u00edtania":"1 min\u00fata"},"schema":{"@context":"https:\/\/schema.org","@graph":[{"@type":"WebPage","@id":"https:\/\/www.msknm.sk\/index.php\/plan-aktivit\/","url":"https:\/\/www.msknm.sk\/index.php\/plan-aktivit\/","name":"Aktivity v materskej \u0161kole - Matersk\u00e1 \u0161kola 9. M\u00e1ja KNM","isPartOf":{"@id":"https:\/\/www.msknm.sk\/#website"},"datePublished":"2024-11-07T07:04:20+00:00","dateModified":"2024-11-09T08:41:57+00:00","breadcrumb":{"@id":"https:\/\/www.msknm.sk\/index.php\/plan-aktivit\/#breadcrumb"},"inLanguage":"sk-SK","potentialAction":[{"@type":"ReadAction","target":["https:\/\/www.msknm.sk\/index.php\/plan-aktivit\/"]}]},{"@type":"BreadcrumbList","@id":"https:\/\/www.msknm.sk\/index.php\/plan-aktivit\/#breadcrumb","itemListElement":[{"@type":"ListItem","position":1,"name":"Domovsk\u00e1 str\u00e1nka","item":"https:\/\/www.msknm.sk\/"},{"@type":"ListItem","position":2,"name":"Aktivity v materskej \u0161kole"}]},{"@type":"WebSite","@id":"https:\/\/www.msknm.sk\/#website","url":"https:\/\/www.msknm.sk\/","name":"Matersk\u00e1 \u0161kola","description":"","potentialAction":[{"@type":"SearchAction","target":{"@type":"EntryPoint","urlTemplate":"https:\/\/www.msknm.sk\/?s={search_term_string}"},"query-input":{"@type":"PropertyValueSpecification","valueRequired":true,"valueName":"search_term_string"}}],"inLanguage":"sk-SK"}]}},"_links":{"self":[{"href":"https:\/\/www.msknm.sk\/index.php\/wp-json\/wp\/v2\/pages\/107","targetHints":{"allow":["GET"]}}],"collection":[{"href":"https:\/\/www.msknm.sk\/index.php\/wp-json\/wp\/v2\/pages"}],"about":[{"href":"https:\/\/www.msknm.sk\/index.php\/wp-json\/wp\/v2\/types\/page"}],"author":[{"embeddable":true,"href":"https:\/\/www.msknm.sk\/index.php\/wp-json\/wp\/v2\/users\/1"}],"replies":[{"embeddable":true,"href":"https:\/\/www.msknm.sk\/index.php\/wp-json\/wp\/v2\/comments?post=107"}],"version-history":[{"count":20,"href":"https:\/\/www.msknm.sk\/index.php\/wp-json\/wp\/v2\/pages\/107\/revisions"}],"predecessor-version":[{"id":367,"href":"https:\/\/www.msknm.sk\/index.php\/wp-json\/wp\/v2\/pages\/107\/revisions\/367"}],"wp:attachment":[{"href":"https:\/\/www.msknm.sk\/index.php\/wp-json\/wp\/v2\/media?parent=107"}],"curies":[{"name":"wp","href":"https:\/\/api.w.org\/{rel}","templated":true}]}}