{"id":197,"date":"2024-11-07T17:50:13","date_gmt":"2024-11-07T16:50:13","guid":{"rendered":"https:\/\/www.msknm.sk\/?page_id=197"},"modified":"2026-04-13T18:58:19","modified_gmt":"2026-04-13T16:58:19","slug":"prihlasky","status":"publish","type":"page","link":"https:\/\/www.msknm.sk\/index.php\/prihlasky\/","title":{"rendered":"Chcem prihl\u00e1si\u0165 die\u0165a"},"content":{"rendered":"\t\t<div data-elementor-type=\"wp-page\" data-elementor-id=\"197\" class=\"elementor elementor-197\">\n\t\t\t\t<div class=\"elementor-element elementor-element-8e22081 e-flex e-con-boxed e-con e-parent\" data-id=\"8e22081\" data-element_type=\"container\" data-e-type=\"container\">\n\t\t\t\t\t<div class=\"e-con-inner\">\n\t\t\t\t<div class=\"elementor-element elementor-element-246f625 elementor-invisible elementor-widget elementor-widget-text-editor\" data-id=\"246f625\" data-element_type=\"widget\" data-e-type=\"widget\" data-settings=\"{&quot;_animation&quot;:&quot;fadeIn&quot;,&quot;_animation_delay&quot;:100}\" data-widget_type=\"text-editor.default\">\n\t\t\t\t<div class=\"elementor-widget-container\">\n\t\t\t\t\t\t\t\t\t<div><div><div><div><div><div><div><h2 data-path-to-node=\"13\">Tla\u010div\u00e1 a dokumenty na stiahnutie:<\/h2><p data-path-to-node=\"14\">Tla\u010div\u00e1 s\u00fa k dispoz\u00edcii v materskej \u0161kole a ni\u017e\u0161ie v elektronickej podobe. <b data-path-to-node=\"14\" data-index-in-node=\"75\">V \u017eiadostiach, pros\u00edme, o riadne vyplnenie v\u0161etk\u00fdch str\u00e1n.<\/b><\/p><h3 data-path-to-node=\"15\">1. \u017diados\u0165 o nov\u00e9 prijatie (Z\u00e1pis)<\/h3><p data-path-to-node=\"16\">Ur\u010den\u00e9 pre rodi\u010dov, ktor\u00ed \u017eiadaj\u00fa o prijatie die\u0165a\u0165a do M\u0160 na nov\u00fd \u0161kolsk\u00fd rok.<\/p><ul data-path-to-node=\"17\"><li><p id=\"p-rc_1d0653cc4fe78a33-84\" data-path-to-node=\"17,0,1\"><span data-path-to-node=\"17,0,1,0\"><b data-path-to-node=\"17,0,1,0\" data-index-in-node=\"0\"><span class=\"citation-1093\">[<a href=\"https:\/\/www.msknm.sk\/wp-content\/uploads\/2026\/04\/prihlaska_na-vzdelavanie_v_materskej_skole.pdf\">prihlaska_na vzdelavanie_v_materskej_skole<\/a>]<\/span><\/b><span class=\"citation-1093\"> \u2013 (Pros\u00edme o vyplnenie v\u0161etk\u00fdch \u00fadajov o die\u0165ati a oboch z\u00e1konn\u00fdch z\u00e1stupcoch)<\/span><\/span><span data-path-to-node=\"17,0,1,2\">.<\/span><\/p><\/li><li><p id=\"p-rc_1d0653cc4fe78a33-85\" data-path-to-node=\"17,1,1\"><span data-path-to-node=\"17,1,1,0\"><b data-path-to-node=\"17,1,1,0\" data-index-in-node=\"0\"><span class=\"citation-1092\">[<a href=\"https:\/\/www.msknm.sk\/wp-content\/uploads\/2026\/04\/Dotaznik_prijatie_do_MS.pdf\">dotaznik_prijatie_do_MS<\/a>]<\/span><\/b><span class=\"citation-1092\"> \u2013 Sl\u00fa\u017ei na bli\u017e\u0161ie spoznanie potrieb a n\u00e1vykov v\u00e1\u0161ho die\u0165a\u0165a<\/span><\/span><span data-path-to-node=\"17,1,1,2\">.<\/span><\/p><\/li><\/ul><h3 data-path-to-node=\"18\">2. Prestup z inej materskej \u0161koly<\/h3><p data-path-to-node=\"19\">Ur\u010den\u00e9 pre deti, ktor\u00e9 u\u017e nav\u0161tevuj\u00fa in\u00fa matersk\u00fa \u0161kolu a \u017eiadaj\u00fa o zmenu zariadenia.<\/p><ul data-path-to-node=\"20\"><li><p id=\"p-rc_1d0653cc4fe78a33-86\" data-path-to-node=\"20,0,1\"><span data-path-to-node=\"20,0,1,0\"><b data-path-to-node=\"20,0,1,0\" data-index-in-node=\"0\"><span class=\"citation-1091\">[<a href=\"https:\/\/www.msknm.sk\/wp-content\/uploads\/2026\/04\/ziadost_prestupom_nova.pdf\">ziadost_prestupom<\/a>]<\/span><\/b><span class=\"citation-1091\"> \u2013 Vy\u017eaduje sa v zmysle \u00a7 28d \u0161kolsk\u00e9ho z\u00e1kona<\/span><\/span><span data-path-to-node=\"20,0,1,2\">.<\/span><\/p><\/li><\/ul><h3 data-path-to-node=\"21\">3. Ukon\u010denie doch\u00e1dzky<\/h3><p data-path-to-node=\"22\">Ur\u010den\u00e9 pre rodi\u010dov, ktor\u00ed potrebuj\u00fa ukon\u010di\u0165 vzdel\u00e1vanie die\u0165a\u0165a v na\u0161ej M\u0160.<\/p><ul data-path-to-node=\"23\"><li><p id=\"p-rc_1d0653cc4fe78a33-87\" data-path-to-node=\"23,0,1\"><span data-path-to-node=\"23,0,1,0\"><b data-path-to-node=\"23,0,1,0\" data-index-in-node=\"0\"><span class=\"citation-1090\">[<a href=\"https:\/\/www.msknm.sk\/wp-content\/uploads\/2026\/04\/ziadost_o_ukoncenie_dochadzky.pdf\">ziadost_o_ukoncenie_dochadzky<\/a>]<\/span><\/b><span class=\"citation-1090\"> \u2013 Obsahuje meno die\u0165a\u0165a a d\u00e1tum ukon\u010denia<\/span><\/span><span data-path-to-node=\"23,0,1,2\">.<\/span><\/p><\/li><\/ul><hr data-path-to-node=\"24\" \/><h3 data-path-to-node=\"25\">Organiza\u010dn\u00e9 pokyny<\/h3><ul data-path-to-node=\"26\"><li><p id=\"p-rc_1d0653cc4fe78a33-88\" data-path-to-node=\"26,0,1\"><span data-path-to-node=\"26,0,1,0\"><b data-path-to-node=\"26,0,1,0\" data-index-in-node=\"0\"><span class=\"citation-1089\">Miesto pod\u00e1vania \u017eiadosti:<\/span><\/b><span class=\"citation-1089\"> Matersk\u00e1 \u0161kola, Ulica 9. m\u00e1ja 1292\/11, Kysuck\u00e9 Nov\u00e9 Mesto<\/span><\/span><span data-path-to-node=\"26,0,1,2\">.<\/span><\/p><\/li><li><p id=\"p-rc_1d0653cc4fe78a33-89\" data-path-to-node=\"26,1,1\"><span data-path-to-node=\"26,1,1,0\"><b data-path-to-node=\"26,1,1,0\" data-index-in-node=\"0\"><span class=\"citation-1088\">Komunik\u00e1cia:<\/span><\/b><span class=\"citation-1088\"> V \u017eiadostiach uve\u010fte preferovan\u00fd kontakt (telef\u00f3n, email alebo \u010d\u00edslo elektronickej schr\u00e1nky) pre \u00fa\u010dely komunik\u00e1cie so \u0161kolou<\/span><\/span><span data-path-to-node=\"26,1,1,2\">.<\/span><\/p><\/li><li><p id=\"p-rc_1d0653cc4fe78a33-90\" data-path-to-node=\"26,2,1\"><span data-path-to-node=\"26,2,1,0\"><b data-path-to-node=\"26,2,1,0\" data-index-in-node=\"0\"><span class=\"citation-1087 interactive-span-hovered\">Podpisy:<\/span><\/b><span class=\"citation-1087 interactive-span-hovered\"> \u017diadosti musia by\u0165 podp\u00edsan\u00e9 z\u00e1konn\u00fdmi z\u00e1stupcami<\/span><\/span><span data-path-to-node=\"26,2,1,2\">.<\/span><\/p><\/li><\/ul><\/div><\/div><\/div><\/div><\/div><\/div><\/div>\t\t\t\t\t\t\t\t<\/div>\n\t\t\t\t<\/div>\n\t\t\t\t\t<\/div>\n\t\t\t\t<\/div>\n\t\t\t\t<\/div>\n\t\t","protected":false},"excerpt":{"rendered":"<p>Tla\u010div\u00e1 a dokumenty na stiahnutie: Tla\u010div\u00e1 s\u00fa k dispoz\u00edcii v materskej \u0161kole a ni\u017e\u0161ie v elektronickej podobe. V \u017eiadostiach, pros\u00edme, o riadne vyplnenie v\u0161etk\u00fdch str\u00e1n. 1. \u017diados\u0165 o nov\u00e9 prijatie (Z\u00e1pis) Ur\u010den\u00e9 pre rodi\u010dov, ktor\u00ed \u017eiadaj\u00fa o prijatie die\u0165a\u0165a do M\u0160 na nov\u00fd \u0161kolsk\u00fd rok. [prihlaska_na vzdelavanie_v_materskej_skole] \u2013 (Pros\u00edme o vyplnenie v\u0161etk\u00fdch \u00fadajov o die\u0165ati [&hellip;]<\/p>\n","protected":false},"author":1,"featured_media":0,"parent":0,"menu_order":0,"comment_status":"closed","ping_status":"closed","template":"","meta":{"ngg_post_thumbnail":0,"ocean_post_layout":"","ocean_both_sidebars_style":"","ocean_both_sidebars_content_width":0,"ocean_both_sidebars_sidebars_width":0,"ocean_sidebar":"","ocean_second_sidebar":"","ocean_disable_margins":"enable","ocean_add_body_class":"","ocean_shortcode_before_top_bar":"","ocean_shortcode_after_top_bar":"","ocean_shortcode_before_header":"","ocean_shortcode_after_header":"","ocean_has_shortcode":"","ocean_shortcode_after_title":"","ocean_shortcode_before_footer_widgets":"","ocean_shortcode_after_footer_widgets":"","ocean_shortcode_before_footer_bottom":"","ocean_shortcode_after_footer_bottom":"","ocean_display_top_bar":"default","ocean_display_header":"default","ocean_header_style":"","ocean_center_header_left_menu":"","ocean_custom_header_template":"","ocean_custom_logo":0,"ocean_custom_retina_logo":0,"ocean_custom_logo_max_width":0,"ocean_custom_logo_tablet_max_width":0,"ocean_custom_logo_mobile_max_width":0,"ocean_custom_logo_max_height":0,"ocean_custom_logo_tablet_max_height":0,"ocean_custom_logo_mobile_max_height":0,"ocean_header_custom_menu":"","ocean_menu_typo_font_family":"","ocean_menu_typo_font_subset":"","ocean_menu_typo_font_size":0,"ocean_menu_typo_font_size_tablet":0,"ocean_menu_typo_font_size_mobile":0,"ocean_menu_typo_font_size_unit":"px","ocean_menu_typo_font_weight":"","ocean_menu_typo_font_weight_tablet":"","ocean_menu_typo_font_weight_mobile":"","ocean_menu_typo_transform":"","ocean_menu_typo_transform_tablet":"","ocean_menu_typo_transform_mobile":"","ocean_menu_typo_line_height":0,"ocean_menu_typo_line_height_tablet":0,"ocean_menu_typo_line_height_mobile":0,"ocean_menu_typo_line_height_unit":"","ocean_menu_typo_spacing":0,"ocean_menu_typo_spacing_tablet":0,"ocean_menu_typo_spacing_mobile":0,"ocean_menu_typo_spacing_unit":"","ocean_menu_link_color":"","ocean_menu_link_color_hover":"","ocean_menu_link_color_active":"","ocean_menu_link_background":"","ocean_menu_link_hover_background":"","ocean_menu_link_active_background":"","ocean_menu_social_links_bg":"","ocean_menu_social_hover_links_bg":"","ocean_menu_social_links_color":"","ocean_menu_social_hover_links_color":"","ocean_disable_title":"default","ocean_disable_heading":"default","ocean_post_title":"","ocean_post_subheading":"","ocean_post_title_style":"","ocean_post_title_background_color":"","ocean_post_title_background":0,"ocean_post_title_bg_image_position":"","ocean_post_title_bg_image_attachment":"","ocean_post_title_bg_image_repeat":"","ocean_post_title_bg_image_size":"","ocean_post_title_height":0,"ocean_post_title_bg_overlay":0.5,"ocean_post_title_bg_overlay_color":"","ocean_disable_breadcrumbs":"default","ocean_breadcrumbs_color":"","ocean_breadcrumbs_separator_color":"","ocean_breadcrumbs_links_color":"","ocean_breadcrumbs_links_hover_color":"","ocean_display_footer_widgets":"default","ocean_display_footer_bottom":"default","ocean_custom_footer_template":"","footnotes":""},"class_list":["post-197","page","type-page","status-publish","hentry","entry"],"yoast_head":"<!-- This site is optimized with the Yoast SEO plugin v27.4 - https:\/\/yoast.com\/product\/yoast-seo-wordpress\/ -->\n<title>Chcem prihl\u00e1si\u0165 die\u0165a - Matersk\u00e1 \u0161kola 9. M\u00e1ja KNM<\/title>\n<meta name=\"robots\" content=\"index, follow, max-snippet:-1, max-image-preview:large, max-video-preview:-1\" \/>\n<link rel=\"canonical\" href=\"https:\/\/www.msknm.sk\/index.php\/prihlasky\/\" \/>\n<meta property=\"og:locale\" content=\"sk_SK\" \/>\n<meta property=\"og:type\" content=\"article\" \/>\n<meta property=\"og:title\" content=\"Chcem prihl\u00e1si\u0165 die\u0165a - Matersk\u00e1 \u0161kola 9. M\u00e1ja KNM\" \/>\n<meta property=\"og:description\" content=\"Tla\u010div\u00e1 a dokumenty na stiahnutie: Tla\u010div\u00e1 s\u00fa k dispoz\u00edcii v materskej \u0161kole a ni\u017e\u0161ie v elektronickej podobe. V \u017eiadostiach, pros\u00edme, o riadne vyplnenie v\u0161etk\u00fdch str\u00e1n. 1. \u017diados\u0165 o nov\u00e9 prijatie (Z\u00e1pis) Ur\u010den\u00e9 pre rodi\u010dov, ktor\u00ed \u017eiadaj\u00fa o prijatie die\u0165a\u0165a do M\u0160 na nov\u00fd \u0161kolsk\u00fd rok. [prihlaska_na vzdelavanie_v_materskej_skole] \u2013 (Pros\u00edme o vyplnenie v\u0161etk\u00fdch \u00fadajov o die\u0165ati [&hellip;]\" \/>\n<meta property=\"og:url\" content=\"https:\/\/www.msknm.sk\/index.php\/prihlasky\/\" \/>\n<meta property=\"og:site_name\" content=\"Matersk\u00e1 \u0161kola 9. M\u00e1ja KNM\" \/>\n<meta property=\"article:modified_time\" content=\"2026-04-13T16:58:19+00:00\" \/>\n<meta name=\"twitter:card\" content=\"summary_large_image\" \/>\n<meta name=\"twitter:label1\" content=\"Predpokladan\u00fd \u010das \u010d\u00edtania\" \/>\n\t<meta name=\"twitter:data1\" content=\"1 min\u00fata\" \/>\n<script type=\"application\/ld+json\" class=\"yoast-schema-graph\">{\"@context\":\"https:\\\/\\\/schema.org\",\"@graph\":[{\"@type\":\"WebPage\",\"@id\":\"https:\\\/\\\/www.msknm.sk\\\/index.php\\\/prihlasky\\\/\",\"url\":\"https:\\\/\\\/www.msknm.sk\\\/index.php\\\/prihlasky\\\/\",\"name\":\"Chcem prihl\u00e1si\u0165 die\u0165a - Matersk\u00e1 \u0161kola 9. M\u00e1ja KNM\",\"isPartOf\":{\"@id\":\"https:\\\/\\\/www.msknm.sk\\\/#website\"},\"datePublished\":\"2024-11-07T16:50:13+00:00\",\"dateModified\":\"2026-04-13T16:58:19+00:00\",\"breadcrumb\":{\"@id\":\"https:\\\/\\\/www.msknm.sk\\\/index.php\\\/prihlasky\\\/#breadcrumb\"},\"inLanguage\":\"sk-SK\",\"potentialAction\":[{\"@type\":\"ReadAction\",\"target\":[\"https:\\\/\\\/www.msknm.sk\\\/index.php\\\/prihlasky\\\/\"]}]},{\"@type\":\"BreadcrumbList\",\"@id\":\"https:\\\/\\\/www.msknm.sk\\\/index.php\\\/prihlasky\\\/#breadcrumb\",\"itemListElement\":[{\"@type\":\"ListItem\",\"position\":1,\"name\":\"Domovsk\u00e1 str\u00e1nka\",\"item\":\"https:\\\/\\\/www.msknm.sk\\\/\"},{\"@type\":\"ListItem\",\"position\":2,\"name\":\"Chcem prihl\u00e1si\u0165 die\u0165a\"}]},{\"@type\":\"WebSite\",\"@id\":\"https:\\\/\\\/www.msknm.sk\\\/#website\",\"url\":\"https:\\\/\\\/www.msknm.sk\\\/\",\"name\":\"Matersk\u00e1 \u0161kola\",\"description\":\"\",\"potentialAction\":[{\"@type\":\"SearchAction\",\"target\":{\"@type\":\"EntryPoint\",\"urlTemplate\":\"https:\\\/\\\/www.msknm.sk\\\/?s={search_term_string}\"},\"query-input\":{\"@type\":\"PropertyValueSpecification\",\"valueRequired\":true,\"valueName\":\"search_term_string\"}}],\"inLanguage\":\"sk-SK\"}]}<\/script>\n<!-- \/ Yoast SEO plugin. -->","yoast_head_json":{"title":"Chcem prihl\u00e1si\u0165 die\u0165a - Matersk\u00e1 \u0161kola 9. M\u00e1ja KNM","robots":{"index":"index","follow":"follow","max-snippet":"max-snippet:-1","max-image-preview":"max-image-preview:large","max-video-preview":"max-video-preview:-1"},"canonical":"https:\/\/www.msknm.sk\/index.php\/prihlasky\/","og_locale":"sk_SK","og_type":"article","og_title":"Chcem prihl\u00e1si\u0165 die\u0165a - Matersk\u00e1 \u0161kola 9. M\u00e1ja KNM","og_description":"Tla\u010div\u00e1 a dokumenty na stiahnutie: Tla\u010div\u00e1 s\u00fa k dispoz\u00edcii v materskej \u0161kole a ni\u017e\u0161ie v elektronickej podobe. V \u017eiadostiach, pros\u00edme, o riadne vyplnenie v\u0161etk\u00fdch str\u00e1n. 1. \u017diados\u0165 o nov\u00e9 prijatie (Z\u00e1pis) Ur\u010den\u00e9 pre rodi\u010dov, ktor\u00ed \u017eiadaj\u00fa o prijatie die\u0165a\u0165a do M\u0160 na nov\u00fd \u0161kolsk\u00fd rok. [prihlaska_na vzdelavanie_v_materskej_skole] \u2013 (Pros\u00edme o vyplnenie v\u0161etk\u00fdch \u00fadajov o die\u0165ati [&hellip;]","og_url":"https:\/\/www.msknm.sk\/index.php\/prihlasky\/","og_site_name":"Matersk\u00e1 \u0161kola 9. M\u00e1ja KNM","article_modified_time":"2026-04-13T16:58:19+00:00","twitter_card":"summary_large_image","twitter_misc":{"Predpokladan\u00fd \u010das \u010d\u00edtania":"1 min\u00fata"},"schema":{"@context":"https:\/\/schema.org","@graph":[{"@type":"WebPage","@id":"https:\/\/www.msknm.sk\/index.php\/prihlasky\/","url":"https:\/\/www.msknm.sk\/index.php\/prihlasky\/","name":"Chcem prihl\u00e1si\u0165 die\u0165a - Matersk\u00e1 \u0161kola 9. M\u00e1ja KNM","isPartOf":{"@id":"https:\/\/www.msknm.sk\/#website"},"datePublished":"2024-11-07T16:50:13+00:00","dateModified":"2026-04-13T16:58:19+00:00","breadcrumb":{"@id":"https:\/\/www.msknm.sk\/index.php\/prihlasky\/#breadcrumb"},"inLanguage":"sk-SK","potentialAction":[{"@type":"ReadAction","target":["https:\/\/www.msknm.sk\/index.php\/prihlasky\/"]}]},{"@type":"BreadcrumbList","@id":"https:\/\/www.msknm.sk\/index.php\/prihlasky\/#breadcrumb","itemListElement":[{"@type":"ListItem","position":1,"name":"Domovsk\u00e1 str\u00e1nka","item":"https:\/\/www.msknm.sk\/"},{"@type":"ListItem","position":2,"name":"Chcem prihl\u00e1si\u0165 die\u0165a"}]},{"@type":"WebSite","@id":"https:\/\/www.msknm.sk\/#website","url":"https:\/\/www.msknm.sk\/","name":"Matersk\u00e1 \u0161kola","description":"","potentialAction":[{"@type":"SearchAction","target":{"@type":"EntryPoint","urlTemplate":"https:\/\/www.msknm.sk\/?s={search_term_string}"},"query-input":{"@type":"PropertyValueSpecification","valueRequired":true,"valueName":"search_term_string"}}],"inLanguage":"sk-SK"}]}},"_links":{"self":[{"href":"https:\/\/www.msknm.sk\/index.php\/wp-json\/wp\/v2\/pages\/197","targetHints":{"allow":["GET"]}}],"collection":[{"href":"https:\/\/www.msknm.sk\/index.php\/wp-json\/wp\/v2\/pages"}],"about":[{"href":"https:\/\/www.msknm.sk\/index.php\/wp-json\/wp\/v2\/types\/page"}],"author":[{"embeddable":true,"href":"https:\/\/www.msknm.sk\/index.php\/wp-json\/wp\/v2\/users\/1"}],"replies":[{"embeddable":true,"href":"https:\/\/www.msknm.sk\/index.php\/wp-json\/wp\/v2\/comments?post=197"}],"version-history":[{"count":29,"href":"https:\/\/www.msknm.sk\/index.php\/wp-json\/wp\/v2\/pages\/197\/revisions"}],"predecessor-version":[{"id":489,"href":"https:\/\/www.msknm.sk\/index.php\/wp-json\/wp\/v2\/pages\/197\/revisions\/489"}],"wp:attachment":[{"href":"https:\/\/www.msknm.sk\/index.php\/wp-json\/wp\/v2\/media?parent=197"}],"curies":[{"name":"wp","href":"https:\/\/api.w.org\/{rel}","templated":true}]}}