{"id":199,"date":"2024-11-07T17:50:59","date_gmt":"2024-11-07T16:50:59","guid":{"rendered":"https:\/\/www.msknm.sk\/?page_id=199"},"modified":"2024-11-26T17:17:00","modified_gmt":"2024-11-26T16:17:00","slug":"kontakty","status":"publish","type":"page","link":"https:\/\/www.msknm.sk\/index.php\/kontakty\/","title":{"rendered":"Kontakty"},"content":{"rendered":"\t\t<div data-elementor-type=\"wp-page\" data-elementor-id=\"199\" class=\"elementor elementor-199\">\n\t\t\t\t<div class=\"elementor-element elementor-element-3f329be e-flex e-con-boxed e-con e-parent\" data-id=\"3f329be\" data-element_type=\"container\" data-e-type=\"container\">\n\t\t\t\t\t<div class=\"e-con-inner\">\n\t\t\t\t<div class=\"elementor-element elementor-element-d6a0984 animated-slow elementor-invisible elementor-widget elementor-widget-text-editor\" data-id=\"d6a0984\" data-element_type=\"widget\" data-e-type=\"widget\" data-settings=\"{&quot;_animation&quot;:&quot;fadeIn&quot;,&quot;_animation_delay&quot;:100}\" data-widget_type=\"text-editor.default\">\n\t\t\t\t<div class=\"elementor-widget-container\">\n\t\t\t\t\t\t\t\t\t<h1>ADRESA:\u00a0<\/h1><p>Ulica 9.m\u00e1ja 1292\/11, Kysuck\u00e9 Nov\u00e9 Mesto, 024 04<\/p><p>I\u010cO: 37812611\u00a0<\/p><p>DI\u010c: 2021681420<\/p>\t\t\t\t\t\t\t\t<\/div>\n\t\t\t\t<\/div>\n\t\t\t\t<div class=\"elementor-element elementor-element-0c5b6b7 animated-slow elementor-view-default elementor-invisible elementor-widget elementor-widget-icon\" data-id=\"0c5b6b7\" data-element_type=\"widget\" data-e-type=\"widget\" data-settings=\"{&quot;_animation&quot;:&quot;fadeIn&quot;,&quot;_animation_delay&quot;:100}\" data-widget_type=\"icon.default\">\n\t\t\t\t<div class=\"elementor-widget-container\">\n\t\t\t\t\t\t\t<div class=\"elementor-icon-wrapper\">\n\t\t\t<a class=\"elementor-icon\" href=\"mailto:ms9majaknm@centrum.sk\">\n\t\t\t<svg aria-hidden=\"true\" class=\"e-font-icon-svg e-fas-mail-bulk\" viewBox=\"0 0 576 512\" xmlns=\"http:\/\/www.w3.org\/2000\/svg\"><path d=\"M160 448c-25.6 0-51.2-22.4-64-32-64-44.8-83.2-60.8-96-70.4V480c0 17.67 14.33 32 32 32h256c17.67 0 32-14.33 32-32V345.6c-12.8 9.6-32 25.6-96 70.4-12.8 9.6-38.4 32-64 32zm128-192H32c-17.67 0-32 14.33-32 32v16c25.6 19.2 22.4 19.2 115.2 86.4 9.6 6.4 28.8 25.6 44.8 25.6s35.2-19.2 44.8-22.4c92.8-67.2 89.6-67.2 115.2-86.4V288c0-17.67-14.33-32-32-32zm256-96H224c-17.67 0-32 14.33-32 32v32h96c33.21 0 60.59 25.42 63.71 57.82l.29-.22V416h192c17.67 0 32-14.33 32-32V192c0-17.67-14.33-32-32-32zm-32 128h-64v-64h64v64zm-352-96c0-35.29 28.71-64 64-64h224V32c0-17.67-14.33-32-32-32H96C78.33 0 64 14.33 64 32v192h96v-32z\"><\/path><\/svg>\t\t\t<\/a>\n\t\t<\/div>\n\t\t\t\t\t\t<\/div>\n\t\t\t\t<\/div>\n\t\t\t\t\t<\/div>\n\t\t\t\t<\/div>\n\t\t<div class=\"elementor-element elementor-element-4915a47 e-flex e-con-boxed e-con e-parent\" data-id=\"4915a47\" data-element_type=\"container\" data-e-type=\"container\">\n\t\t\t\t\t<div class=\"e-con-inner\">\n\t\t<div class=\"elementor-element elementor-element-5efa5c0 e-con-full e-flex e-con e-child\" data-id=\"5efa5c0\" data-element_type=\"container\" data-e-type=\"container\">\n\t\t\t\t<div class=\"elementor-element elementor-element-97dd9ae animated-slow elementor-invisible elementor-widget elementor-widget-text-editor\" data-id=\"97dd9ae\" data-element_type=\"widget\" data-e-type=\"widget\" data-settings=\"{&quot;_animation&quot;:&quot;fadeIn&quot;,&quot;_animation_delay&quot;:300}\" data-widget_type=\"text-editor.default\">\n\t\t\t\t<div class=\"elementor-widget-container\">\n\t\t\t\t\t\t\t\t\t<h4>Email\u00a0<\/h4><p><a href=\"mailto:ms9majaknm@centrum.sk\" data-wplink-edit=\"true\">ms9majaknm@centrum.sk<\/a>\u00a0<\/p><h4>Telef\u00f3nne \u010d\u00edslo<\/h4><p>041\/ 421 2934, 0904 017 311<\/p><h4>\u0160kolsk\u00e1 jed\u00e1le\u0148<\/h4><p><span style=\"font-family: Roboto, sans-serif; font-size: 14px; font-style: normal; font-variant-ligatures: normal; font-variant-caps: normal; font-weight: 400; text-align: var(--text-align);\">041\/ 421 2934,\u00a0<\/span>0903 780 535<\/p>\t\t\t\t\t\t\t\t<\/div>\n\t\t\t\t<\/div>\n\t\t\t\t<\/div>\n\t\t<div class=\"elementor-element elementor-element-bc2ddb5 e-con-full e-flex e-con e-child\" data-id=\"bc2ddb5\" data-element_type=\"container\" data-e-type=\"container\">\n\t\t\t\t<div class=\"elementor-element elementor-element-0eee47a elementor-invisible elementor-widget elementor-widget-google_maps\" data-id=\"0eee47a\" data-element_type=\"widget\" data-e-type=\"widget\" data-settings=\"{&quot;_animation&quot;:&quot;fadeIn&quot;,&quot;_animation_delay&quot;:300}\" data-widget_type=\"google_maps.default\">\n\t\t\t\t<div class=\"elementor-widget-container\">\n\t\t\t\t\t\t\t<div class=\"elementor-custom-embed\">\n\t\t\t<iframe loading=\"lazy\"\n\t\t\t\t\tsrc=\"https:\/\/maps.google.com\/maps?q=Matersk%C3%A1%20%C5%A1kola%2C%209%20.m%C3%A1ja%20Kysuck%C3%A9%20Nov%C3%A9%20Mesto&#038;t=m&#038;z=16&#038;output=embed&#038;iwloc=near\"\n\t\t\t\t\ttitle=\"Matersk\u00e1 \u0161kola, 9 .m\u00e1ja Kysuck\u00e9 Nov\u00e9 Mesto\"\n\t\t\t\t\taria-label=\"Matersk\u00e1 \u0161kola, 9 .m\u00e1ja Kysuck\u00e9 Nov\u00e9 Mesto\"\n\t\t\t><\/iframe>\n\t\t<\/div>\n\t\t\t\t\t\t<\/div>\n\t\t\t\t<\/div>\n\t\t\t\t<\/div>\n\t\t\t\t\t<\/div>\n\t\t\t\t<\/div>\n\t\t<div class=\"elementor-element elementor-element-793289e e-flex e-con-boxed e-con e-parent\" data-id=\"793289e\" data-element_type=\"container\" data-e-type=\"container\">\n\t\t\t\t\t<div class=\"e-con-inner\">\n\t\t\t\t<div class=\"elementor-element elementor-element-1f69482 elementor-widget elementor-widget-shortcode\" data-id=\"1f69482\" data-element_type=\"widget\" data-e-type=\"widget\" data-widget_type=\"shortcode.default\">\n\t\t\t\t<div class=\"elementor-widget-container\">\n\t\t\t\t\t\t\t<div class=\"elementor-shortcode\"><div class=\"forminator-ui forminator-custom-form forminator-custom-form-401 forminator-design--basic  forminator_ajax\" data-forminator-render=\"0\" data-form=\"forminator-module-401\" data-uid=\"69f0c67ebf4e8\"><br\/><\/div><form\n\t\t\t\tid=\"forminator-module-401\"\n\t\t\t\tclass=\"forminator-ui forminator-custom-form forminator-custom-form-401 forminator-design--basic  forminator_ajax\"\n\t\t\t\tmethod=\"post\"\n\t\t\t\tdata-forminator-render=\"0\"\n\t\t\t\tdata-form-id=\"401\"\n\t\t\t\t data-color-option=\"theme\" data-design=\"basic\" data-grid=\"open\" style=\"display: none;\"\n\t\t\t\tdata-uid=\"69f0c67ebf4e8\"\n\t\t\t><div role=\"alert\" aria-live=\"polite\" class=\"forminator-response-message forminator-error\" aria-hidden=\"true\"><\/div><div class=\"forminator-row\"><div id=\"name-1\" class=\"forminator-field-name forminator-col forminator-col-12 \"><div class=\"forminator-field\"><label for=\"forminator-field-name-1_69f0c67ebf4e8\" id=\"forminator-field-name-1_69f0c67ebf4e8-label\" class=\"forminator-label\">Va\u0161e meno <span class=\"forminator-required\">*<\/span><\/label><input type=\"text\" name=\"name-1\" value=\"\" placeholder=\"Meno Priezvisko\" id=\"forminator-field-name-1_69f0c67ebf4e8\" class=\"forminator-input forminator-name--field\" aria-required=\"true\" autocomplete=\"name\" \/><\/div><\/div><\/div><div class=\"forminator-row\"><div id=\"email-1\" class=\"forminator-field-email forminator-col forminator-col-12 \"><div class=\"forminator-field\"><label for=\"forminator-field-email-1_69f0c67ebf4e8\" id=\"forminator-field-email-1_69f0c67ebf4e8-label\" class=\"forminator-label\">Emailov\u00e1 adresa <span class=\"forminator-required\">*<\/span><\/label><input type=\"email\" name=\"email-1\" value=\"\" placeholder=\"napr. jan.novak@gmail.com\" id=\"forminator-field-email-1_69f0c67ebf4e8\" class=\"forminator-input forminator-email--field\" data-required=\"true\" aria-required=\"true\" autocomplete=\"email\" \/><\/div><\/div><\/div><div class=\"forminator-row\"><div id=\"phone-1\" class=\"forminator-field-phone forminator-col forminator-col-12 \"><div class=\"forminator-field\"><label for=\"forminator-field-phone-1_69f0c67ebf4e8\" id=\"forminator-field-phone-1_69f0c67ebf4e8-label\" class=\"forminator-label\">Telef\u00f3n<\/label><input type=\"text\" name=\"phone-1\" value=\"\" placeholder=\"09........\" id=\"forminator-field-phone-1_69f0c67ebf4e8\" class=\"forminator-input forminator-field--phone\" data-required=\"\" aria-required=\"false\" autocomplete=\"off\" \/><\/div><\/div><\/div><div class=\"forminator-row\"><div id=\"textarea-1\" class=\"forminator-field-textarea forminator-col forminator-col-12 \"><div class=\"forminator-field\"><label for=\"forminator-field-textarea-1_69f0c67ebf4e8\" id=\"forminator-field-textarea-1_69f0c67ebf4e8-label\" class=\"forminator-label\">Spr\u00e1va<\/label><textarea name=\"textarea-1\" placeholder=\"Zadajte V\u00e1\u0161 dotaz...\" id=\"forminator-field-textarea-1_69f0c67ebf4e8\" class=\"forminator-textarea\" rows=\"6\" style=\"--forminator-textarea-min-height:140px;\" maxlength=\"180\" ><\/textarea><span id=\"forminator-field-textarea-1_69f0c67ebf4e8-description\" class=\"forminator-description\"><span data-limit=\"180\" data-type=\"characters\" data-editor=\"\">0 \/ 180<\/span><\/span><\/div><\/div><\/div><div class=\"forminator-row\"><div id=\"checkbox-1\" class=\"forminator-field-checkbox forminator-col forminator-col-12  \u00c1no, s\u00fahlasim s podmienkami spracovania osobn\u00fdch \u00fadajov.\"><div role=\"group\" class=\"forminator-field required\" aria-labelledby=\"forminator-checkbox-group-forminator-field-checkbox-1-69f0c67ebf4e8-label\"><label id=\"forminator-field-checkbox-1-1-69f0c67ebf4e8-label\" for=\"forminator-field-checkbox-1-1-69f0c67ebf4e8\" class=\"forminator-checkbox\" title=\"\u00c1no, s\u00fahlasim s podmienkami spracovania osobn\u00fdch \u00fadajov.\"><input type=\"checkbox\" name=\"checkbox-1[]\" value=\"one\" id=\"forminator-field-checkbox-1-1-69f0c67ebf4e8\" aria-labelledby=\"forminator-field-checkbox-1-1-69f0c67ebf4e8-label\" data-calculation=\"0\"   data-hidden-behavior=\"zero\"\/><span class=\"forminator-checkbox-box\" aria-hidden=\"true\"><\/span><span class=\"forminator-checkbox-label\">\u00c1no, s\u00fahlasim s podmienkami spracovania osobn\u00fdch \u00fadajov.<\/span><\/label><\/div><\/div><\/div><input type=\"hidden\" name=\"referer_url\" value=\"\" \/><div class=\"forminator-row forminator-row-last\"><div class=\"forminator-col\"><div class=\"forminator-field\"><button class=\"forminator-button forminator-button-submit\">Odosla\u0165 spr&aacute;vu<\/button><\/div><\/div><\/div><input type=\"hidden\" id=\"forminator_nonce\" name=\"forminator_nonce\" value=\"452d489d7d\" \/><input type=\"hidden\" name=\"_wp_http_referer\" value=\"\/index.php\/wp-json\/wp\/v2\/pages\/199\" \/><input type=\"hidden\" name=\"form_id\" value=\"401\"><input type=\"hidden\" name=\"page_id\" value=\"199\"><input type=\"hidden\" name=\"form_type\" value=\"default\"><input type=\"hidden\" name=\"current_url\" value=\"https:\/\/www.msknm.sk\/index.php\/kontakty\/\"><input type=\"hidden\" name=\"render_id\" value=\"0\"><input type=\"hidden\" name=\"action\" value=\"forminator_submit_form_custom-forms\"><\/form><\/div>\n\t\t\t\t\t\t<\/div>\n\t\t\t\t<\/div>\n\t\t\t\t\t<\/div>\n\t\t\t\t<\/div>\n\t\t\t\t<\/div>\n\t\t","protected":false},"excerpt":{"rendered":"<p>ADRESA:\u00a0 Ulica 9.m\u00e1ja 1292\/11, Kysuck\u00e9 Nov\u00e9 Mesto, 024 04 I\u010cO: 37812611\u00a0 DI\u010c: 2021681420 Email\u00a0 ms9majaknm@centrum.sk\u00a0 Telef\u00f3nne \u010d\u00edslo 041\/ 421 2934, 0904 017 311 \u0160kolsk\u00e1 jed\u00e1le\u0148 041\/ 421 2934,\u00a00903 780 535<\/p>\n","protected":false},"author":1,"featured_media":0,"parent":0,"menu_order":0,"comment_status":"closed","ping_status":"closed","template":"","meta":{"ngg_post_thumbnail":0,"ocean_post_layout":"","ocean_both_sidebars_style":"","ocean_both_sidebars_content_width":0,"ocean_both_sidebars_sidebars_width":0,"ocean_sidebar":"","ocean_second_sidebar":"","ocean_disable_margins":"enable","ocean_add_body_class":"","ocean_shortcode_before_top_bar":"","ocean_shortcode_after_top_bar":"","ocean_shortcode_before_header":"","ocean_shortcode_after_header":"","ocean_has_shortcode":"","ocean_shortcode_after_title":"","ocean_shortcode_before_footer_widgets":"","ocean_shortcode_after_footer_widgets":"","ocean_shortcode_before_footer_bottom":"","ocean_shortcode_after_footer_bottom":"","ocean_display_top_bar":"default","ocean_display_header":"default","ocean_header_style":"","ocean_center_header_left_menu":"","ocean_custom_header_template":"","ocean_custom_logo":0,"ocean_custom_retina_logo":0,"ocean_custom_logo_max_width":0,"ocean_custom_logo_tablet_max_width":0,"ocean_custom_logo_mobile_max_width":0,"ocean_custom_logo_max_height":0,"ocean_custom_logo_tablet_max_height":0,"ocean_custom_logo_mobile_max_height":0,"ocean_header_custom_menu":"","ocean_menu_typo_font_family":"","ocean_menu_typo_font_subset":"","ocean_menu_typo_font_size":0,"ocean_menu_typo_font_size_tablet":0,"ocean_menu_typo_font_size_mobile":0,"ocean_menu_typo_font_size_unit":"px","ocean_menu_typo_font_weight":"","ocean_menu_typo_font_weight_tablet":"","ocean_menu_typo_font_weight_mobile":"","ocean_menu_typo_transform":"","ocean_menu_typo_transform_tablet":"","ocean_menu_typo_transform_mobile":"","ocean_menu_typo_line_height":0,"ocean_menu_typo_line_height_tablet":0,"ocean_menu_typo_line_height_mobile":0,"ocean_menu_typo_line_height_unit":"","ocean_menu_typo_spacing":0,"ocean_menu_typo_spacing_tablet":0,"ocean_menu_typo_spacing_mobile":0,"ocean_menu_typo_spacing_unit":"","ocean_menu_link_color":"","ocean_menu_link_color_hover":"","ocean_menu_link_color_active":"","ocean_menu_link_background":"","ocean_menu_link_hover_background":"","ocean_menu_link_active_background":"","ocean_menu_social_links_bg":"","ocean_menu_social_hover_links_bg":"","ocean_menu_social_links_color":"","ocean_menu_social_hover_links_color":"","ocean_disable_title":"default","ocean_disable_heading":"default","ocean_post_title":"","ocean_post_subheading":"","ocean_post_title_style":"","ocean_post_title_background_color":"","ocean_post_title_background":0,"ocean_post_title_bg_image_position":"","ocean_post_title_bg_image_attachment":"","ocean_post_title_bg_image_repeat":"","ocean_post_title_bg_image_size":"","ocean_post_title_height":0,"ocean_post_title_bg_overlay":0.5,"ocean_post_title_bg_overlay_color":"","ocean_disable_breadcrumbs":"default","ocean_breadcrumbs_color":"","ocean_breadcrumbs_separator_color":"","ocean_breadcrumbs_links_color":"","ocean_breadcrumbs_links_hover_color":"","ocean_display_footer_widgets":"default","ocean_display_footer_bottom":"default","ocean_custom_footer_template":"","footnotes":""},"class_list":["post-199","page","type-page","status-publish","hentry","entry"],"yoast_head":"<!-- This site is optimized with the Yoast SEO plugin v27.4 - https:\/\/yoast.com\/product\/yoast-seo-wordpress\/ -->\n<title>Kontakty - Matersk\u00e1 \u0161kola 9. M\u00e1ja KNM<\/title>\n<meta name=\"robots\" content=\"index, follow, max-snippet:-1, max-image-preview:large, max-video-preview:-1\" \/>\n<link rel=\"canonical\" href=\"https:\/\/www.msknm.sk\/index.php\/kontakty\/\" \/>\n<meta property=\"og:locale\" content=\"sk_SK\" \/>\n<meta property=\"og:type\" content=\"article\" \/>\n<meta property=\"og:title\" content=\"Kontakty - Matersk\u00e1 \u0161kola 9. M\u00e1ja KNM\" \/>\n<meta property=\"og:description\" content=\"ADRESA:\u00a0 Ulica 9.m\u00e1ja 1292\/11, Kysuck\u00e9 Nov\u00e9 Mesto, 024 04 I\u010cO: 37812611\u00a0 DI\u010c: 2021681420 Email\u00a0 ms9majaknm@centrum.sk\u00a0 Telef\u00f3nne \u010d\u00edslo 041\/ 421 2934, 0904 017 311 \u0160kolsk\u00e1 jed\u00e1le\u0148 041\/ 421 2934,\u00a00903 780 535\" \/>\n<meta property=\"og:url\" content=\"https:\/\/www.msknm.sk\/index.php\/kontakty\/\" \/>\n<meta property=\"og:site_name\" content=\"Matersk\u00e1 \u0161kola 9. M\u00e1ja KNM\" \/>\n<meta property=\"article:modified_time\" content=\"2024-11-26T16:17:00+00:00\" \/>\n<meta name=\"twitter:card\" content=\"summary_large_image\" \/>\n<meta name=\"twitter:label1\" content=\"Predpokladan\u00fd \u010das \u010d\u00edtania\" \/>\n\t<meta name=\"twitter:data1\" content=\"1 min\u00fata\" \/>\n<script type=\"application\/ld+json\" class=\"yoast-schema-graph\">{\"@context\":\"https:\\\/\\\/schema.org\",\"@graph\":[{\"@type\":\"WebPage\",\"@id\":\"https:\\\/\\\/www.msknm.sk\\\/index.php\\\/kontakty\\\/\",\"url\":\"https:\\\/\\\/www.msknm.sk\\\/index.php\\\/kontakty\\\/\",\"name\":\"Kontakty - Matersk\u00e1 \u0161kola 9. M\u00e1ja KNM\",\"isPartOf\":{\"@id\":\"https:\\\/\\\/www.msknm.sk\\\/#website\"},\"datePublished\":\"2024-11-07T16:50:59+00:00\",\"dateModified\":\"2024-11-26T16:17:00+00:00\",\"breadcrumb\":{\"@id\":\"https:\\\/\\\/www.msknm.sk\\\/index.php\\\/kontakty\\\/#breadcrumb\"},\"inLanguage\":\"sk-SK\",\"potentialAction\":[{\"@type\":\"ReadAction\",\"target\":[\"https:\\\/\\\/www.msknm.sk\\\/index.php\\\/kontakty\\\/\"]}]},{\"@type\":\"BreadcrumbList\",\"@id\":\"https:\\\/\\\/www.msknm.sk\\\/index.php\\\/kontakty\\\/#breadcrumb\",\"itemListElement\":[{\"@type\":\"ListItem\",\"position\":1,\"name\":\"Domovsk\u00e1 str\u00e1nka\",\"item\":\"https:\\\/\\\/www.msknm.sk\\\/\"},{\"@type\":\"ListItem\",\"position\":2,\"name\":\"Kontakty\"}]},{\"@type\":\"WebSite\",\"@id\":\"https:\\\/\\\/www.msknm.sk\\\/#website\",\"url\":\"https:\\\/\\\/www.msknm.sk\\\/\",\"name\":\"Matersk\u00e1 \u0161kola\",\"description\":\"\",\"potentialAction\":[{\"@type\":\"SearchAction\",\"target\":{\"@type\":\"EntryPoint\",\"urlTemplate\":\"https:\\\/\\\/www.msknm.sk\\\/?s={search_term_string}\"},\"query-input\":{\"@type\":\"PropertyValueSpecification\",\"valueRequired\":true,\"valueName\":\"search_term_string\"}}],\"inLanguage\":\"sk-SK\"}]}<\/script>\n<!-- \/ Yoast SEO plugin. -->","yoast_head_json":{"title":"Kontakty - Matersk\u00e1 \u0161kola 9. M\u00e1ja KNM","robots":{"index":"index","follow":"follow","max-snippet":"max-snippet:-1","max-image-preview":"max-image-preview:large","max-video-preview":"max-video-preview:-1"},"canonical":"https:\/\/www.msknm.sk\/index.php\/kontakty\/","og_locale":"sk_SK","og_type":"article","og_title":"Kontakty - Matersk\u00e1 \u0161kola 9. M\u00e1ja KNM","og_description":"ADRESA:\u00a0 Ulica 9.m\u00e1ja 1292\/11, Kysuck\u00e9 Nov\u00e9 Mesto, 024 04 I\u010cO: 37812611\u00a0 DI\u010c: 2021681420 Email\u00a0 ms9majaknm@centrum.sk\u00a0 Telef\u00f3nne \u010d\u00edslo 041\/ 421 2934, 0904 017 311 \u0160kolsk\u00e1 jed\u00e1le\u0148 041\/ 421 2934,\u00a00903 780 535","og_url":"https:\/\/www.msknm.sk\/index.php\/kontakty\/","og_site_name":"Matersk\u00e1 \u0161kola 9. M\u00e1ja KNM","article_modified_time":"2024-11-26T16:17:00+00:00","twitter_card":"summary_large_image","twitter_misc":{"Predpokladan\u00fd \u010das \u010d\u00edtania":"1 min\u00fata"},"schema":{"@context":"https:\/\/schema.org","@graph":[{"@type":"WebPage","@id":"https:\/\/www.msknm.sk\/index.php\/kontakty\/","url":"https:\/\/www.msknm.sk\/index.php\/kontakty\/","name":"Kontakty - Matersk\u00e1 \u0161kola 9. M\u00e1ja KNM","isPartOf":{"@id":"https:\/\/www.msknm.sk\/#website"},"datePublished":"2024-11-07T16:50:59+00:00","dateModified":"2024-11-26T16:17:00+00:00","breadcrumb":{"@id":"https:\/\/www.msknm.sk\/index.php\/kontakty\/#breadcrumb"},"inLanguage":"sk-SK","potentialAction":[{"@type":"ReadAction","target":["https:\/\/www.msknm.sk\/index.php\/kontakty\/"]}]},{"@type":"BreadcrumbList","@id":"https:\/\/www.msknm.sk\/index.php\/kontakty\/#breadcrumb","itemListElement":[{"@type":"ListItem","position":1,"name":"Domovsk\u00e1 str\u00e1nka","item":"https:\/\/www.msknm.sk\/"},{"@type":"ListItem","position":2,"name":"Kontakty"}]},{"@type":"WebSite","@id":"https:\/\/www.msknm.sk\/#website","url":"https:\/\/www.msknm.sk\/","name":"Matersk\u00e1 \u0161kola","description":"","potentialAction":[{"@type":"SearchAction","target":{"@type":"EntryPoint","urlTemplate":"https:\/\/www.msknm.sk\/?s={search_term_string}"},"query-input":{"@type":"PropertyValueSpecification","valueRequired":true,"valueName":"search_term_string"}}],"inLanguage":"sk-SK"}]}},"_links":{"self":[{"href":"https:\/\/www.msknm.sk\/index.php\/wp-json\/wp\/v2\/pages\/199","targetHints":{"allow":["GET"]}}],"collection":[{"href":"https:\/\/www.msknm.sk\/index.php\/wp-json\/wp\/v2\/pages"}],"about":[{"href":"https:\/\/www.msknm.sk\/index.php\/wp-json\/wp\/v2\/types\/page"}],"author":[{"embeddable":true,"href":"https:\/\/www.msknm.sk\/index.php\/wp-json\/wp\/v2\/users\/1"}],"replies":[{"embeddable":true,"href":"https:\/\/www.msknm.sk\/index.php\/wp-json\/wp\/v2\/comments?post=199"}],"version-history":[{"count":34,"href":"https:\/\/www.msknm.sk\/index.php\/wp-json\/wp\/v2\/pages\/199\/revisions"}],"predecessor-version":[{"id":404,"href":"https:\/\/www.msknm.sk\/index.php\/wp-json\/wp\/v2\/pages\/199\/revisions\/404"}],"wp:attachment":[{"href":"https:\/\/www.msknm.sk\/index.php\/wp-json\/wp\/v2\/media?parent=199"}],"curies":[{"name":"wp","href":"https:\/\/api.w.org\/{rel}","templated":true}]}}