{"id":201,"date":"2024-11-07T17:51:44","date_gmt":"2024-11-07T16:51:44","guid":{"rendered":"https:\/\/www.msknm.sk\/?page_id=201"},"modified":"2026-04-14T10:29:07","modified_gmt":"2026-04-14T08:29:07","slug":"zverejnovanie","status":"publish","type":"page","link":"https:\/\/www.msknm.sk\/index.php\/zverejnovanie\/","title":{"rendered":"Dokumenty a zverej\u0148ovanie"},"content":{"rendered":"\t\t<div data-elementor-type=\"wp-page\" data-elementor-id=\"201\" class=\"elementor elementor-201\">\n\t\t\t\t<div class=\"elementor-element elementor-element-c38cf86 e-flex e-con-boxed e-con e-parent\" data-id=\"c38cf86\" data-element_type=\"container\" data-e-type=\"container\">\n\t\t\t\t\t<div class=\"e-con-inner\">\n\t\t<div class=\"elementor-element elementor-element-47cd07f e-con-full e-flex e-con e-child\" data-id=\"47cd07f\" data-element_type=\"container\" data-e-type=\"container\">\n\t\t\t\t<div class=\"elementor-element elementor-element-3cb13e3 elementor-align-center elementor-invisible elementor-widget elementor-widget-button\" data-id=\"3cb13e3\" data-element_type=\"widget\" data-e-type=\"widget\" data-settings=\"{&quot;_animation&quot;:&quot;fadeIn&quot;,&quot;_animation_delay&quot;:200}\" data-widget_type=\"button.default\">\n\t\t\t\t<div class=\"elementor-widget-container\">\n\t\t\t\t\t\t\t\t\t<div class=\"elementor-button-wrapper\">\n\t\t\t\t\t<a class=\"elementor-button elementor-button-link elementor-size-sm elementor-animation-grow\" href=\"https:\/\/www.digitalnemesto.sk\/mesto\/kysucke-nove-mesto\/#kysuckenovemestomsmaja\" target=\"_blank\">\n\t\t\t\t\t\t<span class=\"elementor-button-content-wrapper\">\n\t\t\t\t\t\t\t\t\t<span class=\"elementor-button-text\">Povinn\u00e9 zverej\u0148ovanie fakt\u00far a objedn\u00e1vok<\/span>\n\t\t\t\t\t<\/span>\n\t\t\t\t\t<\/a>\n\t\t\t\t<\/div>\n\t\t\t\t\t\t\t\t<\/div>\n\t\t\t\t<\/div>\n\t\t\t\t<\/div>\n\t\t<div class=\"elementor-element elementor-element-628127c e-con-full e-flex e-con e-child\" data-id=\"628127c\" data-element_type=\"container\" data-e-type=\"container\">\n\t\t\t\t<div class=\"elementor-element elementor-element-1139116 elementor-align-center elementor-invisible elementor-widget elementor-widget-button\" data-id=\"1139116\" data-element_type=\"widget\" data-e-type=\"widget\" data-settings=\"{&quot;_animation&quot;:&quot;fadeIn&quot;,&quot;_animation_delay&quot;:200}\" data-widget_type=\"button.default\">\n\t\t\t\t<div class=\"elementor-widget-container\">\n\t\t\t\t\t\t\t\t\t<div class=\"elementor-button-wrapper\">\n\t\t\t\t\t<a class=\"elementor-button elementor-button-link elementor-size-sm elementor-animation-grow\" href=\"https:\/\/crz.gov.sk\/6279367-sk\/materska-skola-ulica-9maja-129211-kysucke-nove-mesto\/\" target=\"_blank\">\n\t\t\t\t\t\t<span class=\"elementor-button-content-wrapper\">\n\t\t\t\t\t\t\t\t\t<span class=\"elementor-button-text\">Zverej\u0148ovanie zml\u00fav (CRZ)<\/span>\n\t\t\t\t\t<\/span>\n\t\t\t\t\t<\/a>\n\t\t\t\t<\/div>\n\t\t\t\t\t\t\t\t<\/div>\n\t\t\t\t<\/div>\n\t\t\t\t<\/div>\n\t\t\t\t\t<\/div>\n\t\t\t\t<\/div>\n\t\t<div class=\"elementor-element elementor-element-28cd650 e-flex e-con-boxed e-con e-parent\" data-id=\"28cd650\" data-element_type=\"container\" data-e-type=\"container\">\n\t\t\t\t\t<div class=\"e-con-inner\">\n\t\t\t\t<div class=\"elementor-element elementor-element-015e214 elementor-invisible elementor-widget elementor-widget-text-editor\" data-id=\"015e214\" data-element_type=\"widget\" data-e-type=\"widget\" data-settings=\"{&quot;_animation&quot;:&quot;fadeIn&quot;,&quot;_animation_delay&quot;:100}\" data-widget_type=\"text-editor.default\">\n\t\t\t\t<div class=\"elementor-widget-container\">\n\t\t\t\t\t\t\t\t\t<h1>Poplatky:<\/h1><div><ul><li>v\u00fd\u0161ka mesa\u010dn\u00e9ho pr\u00edspevku za pobyt die\u0165a\u0165a v materskej \u0161kole &#8211; <a href=\"https:\/\/www.digitalnemesto.sk\/DmApi\/fileDownload\/9541301689\">VZN_5\/2025<\/a><\/li><\/ul><p><b style=\"font-size: 23px; color: #333333;\">Dokumenty M\u0160<\/b><\/p><\/div><ul><li>lek\u00e1rske potvrdenie<\/li><li>splnomocnenie<\/li><li>vyhl\u00e1senie o\u00a0bezinfek\u010dnosti<\/li><li>dotazn\u00edk<\/li><\/ul><h1>Dokument\u00e1cia \u0160koly<\/h1><ul><li>spr\u00e1va o\u00a0 VV\u010c 2024-2025<\/li><li>\u0161kolsk\u00fd poriadok k 01.09.2025<\/li><li>\u0161tandardy dodr\u017eiavania z\u00e1kazu segreg\u00e1cie vo v\u00fdchove a vzdel\u00e1van\u00ed<\/li><li>pl\u00e1n uplat\u0148ovania \u0160tandardov dodr\u017eiavania z\u00e1kazu segreg\u00e1cie vo v\u00fdchove a vzdel\u00e1van\u00ed<\/li><li>\u0160kVP<\/li><\/ul>\t\t\t\t\t\t\t\t<\/div>\n\t\t\t\t<\/div>\n\t\t\t\t\t<\/div>\n\t\t\t\t<\/div>\n\t\t\t\t<\/div>\n\t\t","protected":false},"excerpt":{"rendered":"<p>Povinn\u00e9 zverej\u0148ovanie fakt\u00far a objedn\u00e1vok Zverej\u0148ovanie zml\u00fav (CRZ) Poplatky: v\u00fd\u0161ka mesa\u010dn\u00e9ho pr\u00edspevku za pobyt die\u0165a\u0165a v materskej \u0161kole &#8211; VZN_5\/2025 Dokumenty M\u0160 lek\u00e1rske potvrdenie splnomocnenie vyhl\u00e1senie o\u00a0bezinfek\u010dnosti dotazn\u00edk Dokument\u00e1cia \u0160koly spr\u00e1va o\u00a0 VV\u010c 2024-2025 \u0161kolsk\u00fd poriadok k 01.09.2025 \u0161tandardy dodr\u017eiavania z\u00e1kazu segreg\u00e1cie vo v\u00fdchove a vzdel\u00e1van\u00ed pl\u00e1n uplat\u0148ovania \u0160tandardov dodr\u017eiavania z\u00e1kazu segreg\u00e1cie vo v\u00fdchove a [&hellip;]<\/p>\n","protected":false},"author":1,"featured_media":0,"parent":0,"menu_order":0,"comment_status":"closed","ping_status":"closed","template":"","meta":{"ngg_post_thumbnail":0,"ocean_post_layout":"","ocean_both_sidebars_style":"","ocean_both_sidebars_content_width":0,"ocean_both_sidebars_sidebars_width":0,"ocean_sidebar":"","ocean_second_sidebar":"","ocean_disable_margins":"enable","ocean_add_body_class":"","ocean_shortcode_before_top_bar":"","ocean_shortcode_after_top_bar":"","ocean_shortcode_before_header":"","ocean_shortcode_after_header":"","ocean_has_shortcode":"","ocean_shortcode_after_title":"","ocean_shortcode_before_footer_widgets":"","ocean_shortcode_after_footer_widgets":"","ocean_shortcode_before_footer_bottom":"","ocean_shortcode_after_footer_bottom":"","ocean_display_top_bar":"default","ocean_display_header":"default","ocean_header_style":"","ocean_center_header_left_menu":"","ocean_custom_header_template":"","ocean_custom_logo":0,"ocean_custom_retina_logo":0,"ocean_custom_logo_max_width":0,"ocean_custom_logo_tablet_max_width":0,"ocean_custom_logo_mobile_max_width":0,"ocean_custom_logo_max_height":0,"ocean_custom_logo_tablet_max_height":0,"ocean_custom_logo_mobile_max_height":0,"ocean_header_custom_menu":"","ocean_menu_typo_font_family":"","ocean_menu_typo_font_subset":"","ocean_menu_typo_font_size":0,"ocean_menu_typo_font_size_tablet":0,"ocean_menu_typo_font_size_mobile":0,"ocean_menu_typo_font_size_unit":"px","ocean_menu_typo_font_weight":"","ocean_menu_typo_font_weight_tablet":"","ocean_menu_typo_font_weight_mobile":"","ocean_menu_typo_transform":"","ocean_menu_typo_transform_tablet":"","ocean_menu_typo_transform_mobile":"","ocean_menu_typo_line_height":0,"ocean_menu_typo_line_height_tablet":0,"ocean_menu_typo_line_height_mobile":0,"ocean_menu_typo_line_height_unit":"","ocean_menu_typo_spacing":0,"ocean_menu_typo_spacing_tablet":0,"ocean_menu_typo_spacing_mobile":0,"ocean_menu_typo_spacing_unit":"","ocean_menu_link_color":"","ocean_menu_link_color_hover":"","ocean_menu_link_color_active":"","ocean_menu_link_background":"","ocean_menu_link_hover_background":"","ocean_menu_link_active_background":"","ocean_menu_social_links_bg":"","ocean_menu_social_hover_links_bg":"","ocean_menu_social_links_color":"","ocean_menu_social_hover_links_color":"","ocean_disable_title":"default","ocean_disable_heading":"default","ocean_post_title":"","ocean_post_subheading":"","ocean_post_title_style":"","ocean_post_title_background_color":"","ocean_post_title_background":0,"ocean_post_title_bg_image_position":"","ocean_post_title_bg_image_attachment":"","ocean_post_title_bg_image_repeat":"","ocean_post_title_bg_image_size":"","ocean_post_title_height":0,"ocean_post_title_bg_overlay":0.5,"ocean_post_title_bg_overlay_color":"","ocean_disable_breadcrumbs":"default","ocean_breadcrumbs_color":"","ocean_breadcrumbs_separator_color":"","ocean_breadcrumbs_links_color":"","ocean_breadcrumbs_links_hover_color":"","ocean_display_footer_widgets":"default","ocean_display_footer_bottom":"default","ocean_custom_footer_template":"","footnotes":""},"class_list":["post-201","page","type-page","status-publish","hentry","entry"],"yoast_head":"<!-- This site is optimized with the Yoast SEO plugin v27.4 - https:\/\/yoast.com\/product\/yoast-seo-wordpress\/ -->\n<title>Dokumenty a zverej\u0148ovanie - Matersk\u00e1 \u0161kola 9. M\u00e1ja KNM<\/title>\n<meta name=\"robots\" content=\"index, follow, max-snippet:-1, max-image-preview:large, max-video-preview:-1\" \/>\n<link rel=\"canonical\" href=\"https:\/\/www.msknm.sk\/index.php\/zverejnovanie\/\" \/>\n<meta property=\"og:locale\" content=\"sk_SK\" \/>\n<meta property=\"og:type\" content=\"article\" \/>\n<meta property=\"og:title\" content=\"Dokumenty a zverej\u0148ovanie - Matersk\u00e1 \u0161kola 9. M\u00e1ja KNM\" \/>\n<meta property=\"og:description\" content=\"Povinn\u00e9 zverej\u0148ovanie fakt\u00far a objedn\u00e1vok Zverej\u0148ovanie zml\u00fav (CRZ) Poplatky: v\u00fd\u0161ka mesa\u010dn\u00e9ho pr\u00edspevku za pobyt die\u0165a\u0165a v materskej \u0161kole &#8211; VZN_5\/2025 Dokumenty M\u0160 lek\u00e1rske potvrdenie splnomocnenie vyhl\u00e1senie o\u00a0bezinfek\u010dnosti dotazn\u00edk Dokument\u00e1cia \u0160koly spr\u00e1va o\u00a0 VV\u010c 2024-2025 \u0161kolsk\u00fd poriadok k 01.09.2025 \u0161tandardy dodr\u017eiavania z\u00e1kazu segreg\u00e1cie vo v\u00fdchove a vzdel\u00e1van\u00ed pl\u00e1n uplat\u0148ovania \u0160tandardov dodr\u017eiavania z\u00e1kazu segreg\u00e1cie vo v\u00fdchove a [&hellip;]\" \/>\n<meta property=\"og:url\" content=\"https:\/\/www.msknm.sk\/index.php\/zverejnovanie\/\" \/>\n<meta property=\"og:site_name\" content=\"Matersk\u00e1 \u0161kola 9. M\u00e1ja KNM\" \/>\n<meta property=\"article:modified_time\" content=\"2026-04-14T08:29:07+00:00\" \/>\n<meta name=\"twitter:card\" content=\"summary_large_image\" \/>\n<meta name=\"twitter:label1\" content=\"Predpokladan\u00fd \u010das \u010d\u00edtania\" \/>\n\t<meta name=\"twitter:data1\" content=\"1 min\u00fata\" \/>\n<script type=\"application\/ld+json\" class=\"yoast-schema-graph\">{\"@context\":\"https:\\\/\\\/schema.org\",\"@graph\":[{\"@type\":\"WebPage\",\"@id\":\"https:\\\/\\\/www.msknm.sk\\\/index.php\\\/zverejnovanie\\\/\",\"url\":\"https:\\\/\\\/www.msknm.sk\\\/index.php\\\/zverejnovanie\\\/\",\"name\":\"Dokumenty a zverej\u0148ovanie - Matersk\u00e1 \u0161kola 9. M\u00e1ja KNM\",\"isPartOf\":{\"@id\":\"https:\\\/\\\/www.msknm.sk\\\/#website\"},\"datePublished\":\"2024-11-07T16:51:44+00:00\",\"dateModified\":\"2026-04-14T08:29:07+00:00\",\"breadcrumb\":{\"@id\":\"https:\\\/\\\/www.msknm.sk\\\/index.php\\\/zverejnovanie\\\/#breadcrumb\"},\"inLanguage\":\"sk-SK\",\"potentialAction\":[{\"@type\":\"ReadAction\",\"target\":[\"https:\\\/\\\/www.msknm.sk\\\/index.php\\\/zverejnovanie\\\/\"]}]},{\"@type\":\"BreadcrumbList\",\"@id\":\"https:\\\/\\\/www.msknm.sk\\\/index.php\\\/zverejnovanie\\\/#breadcrumb\",\"itemListElement\":[{\"@type\":\"ListItem\",\"position\":1,\"name\":\"Domovsk\u00e1 str\u00e1nka\",\"item\":\"https:\\\/\\\/www.msknm.sk\\\/\"},{\"@type\":\"ListItem\",\"position\":2,\"name\":\"Dokumenty a zverej\u0148ovanie\"}]},{\"@type\":\"WebSite\",\"@id\":\"https:\\\/\\\/www.msknm.sk\\\/#website\",\"url\":\"https:\\\/\\\/www.msknm.sk\\\/\",\"name\":\"Matersk\u00e1 \u0161kola\",\"description\":\"\",\"potentialAction\":[{\"@type\":\"SearchAction\",\"target\":{\"@type\":\"EntryPoint\",\"urlTemplate\":\"https:\\\/\\\/www.msknm.sk\\\/?s={search_term_string}\"},\"query-input\":{\"@type\":\"PropertyValueSpecification\",\"valueRequired\":true,\"valueName\":\"search_term_string\"}}],\"inLanguage\":\"sk-SK\"}]}<\/script>\n<!-- \/ Yoast SEO plugin. -->","yoast_head_json":{"title":"Dokumenty a zverej\u0148ovanie - Matersk\u00e1 \u0161kola 9. M\u00e1ja KNM","robots":{"index":"index","follow":"follow","max-snippet":"max-snippet:-1","max-image-preview":"max-image-preview:large","max-video-preview":"max-video-preview:-1"},"canonical":"https:\/\/www.msknm.sk\/index.php\/zverejnovanie\/","og_locale":"sk_SK","og_type":"article","og_title":"Dokumenty a zverej\u0148ovanie - Matersk\u00e1 \u0161kola 9. M\u00e1ja KNM","og_description":"Povinn\u00e9 zverej\u0148ovanie fakt\u00far a objedn\u00e1vok Zverej\u0148ovanie zml\u00fav (CRZ) Poplatky: v\u00fd\u0161ka mesa\u010dn\u00e9ho pr\u00edspevku za pobyt die\u0165a\u0165a v materskej \u0161kole &#8211; VZN_5\/2025 Dokumenty M\u0160 lek\u00e1rske potvrdenie splnomocnenie vyhl\u00e1senie o\u00a0bezinfek\u010dnosti dotazn\u00edk Dokument\u00e1cia \u0160koly spr\u00e1va o\u00a0 VV\u010c 2024-2025 \u0161kolsk\u00fd poriadok k 01.09.2025 \u0161tandardy dodr\u017eiavania z\u00e1kazu segreg\u00e1cie vo v\u00fdchove a vzdel\u00e1van\u00ed pl\u00e1n uplat\u0148ovania \u0160tandardov dodr\u017eiavania z\u00e1kazu segreg\u00e1cie vo v\u00fdchove a [&hellip;]","og_url":"https:\/\/www.msknm.sk\/index.php\/zverejnovanie\/","og_site_name":"Matersk\u00e1 \u0161kola 9. M\u00e1ja KNM","article_modified_time":"2026-04-14T08:29:07+00:00","twitter_card":"summary_large_image","twitter_misc":{"Predpokladan\u00fd \u010das \u010d\u00edtania":"1 min\u00fata"},"schema":{"@context":"https:\/\/schema.org","@graph":[{"@type":"WebPage","@id":"https:\/\/www.msknm.sk\/index.php\/zverejnovanie\/","url":"https:\/\/www.msknm.sk\/index.php\/zverejnovanie\/","name":"Dokumenty a zverej\u0148ovanie - Matersk\u00e1 \u0161kola 9. M\u00e1ja KNM","isPartOf":{"@id":"https:\/\/www.msknm.sk\/#website"},"datePublished":"2024-11-07T16:51:44+00:00","dateModified":"2026-04-14T08:29:07+00:00","breadcrumb":{"@id":"https:\/\/www.msknm.sk\/index.php\/zverejnovanie\/#breadcrumb"},"inLanguage":"sk-SK","potentialAction":[{"@type":"ReadAction","target":["https:\/\/www.msknm.sk\/index.php\/zverejnovanie\/"]}]},{"@type":"BreadcrumbList","@id":"https:\/\/www.msknm.sk\/index.php\/zverejnovanie\/#breadcrumb","itemListElement":[{"@type":"ListItem","position":1,"name":"Domovsk\u00e1 str\u00e1nka","item":"https:\/\/www.msknm.sk\/"},{"@type":"ListItem","position":2,"name":"Dokumenty a zverej\u0148ovanie"}]},{"@type":"WebSite","@id":"https:\/\/www.msknm.sk\/#website","url":"https:\/\/www.msknm.sk\/","name":"Matersk\u00e1 \u0161kola","description":"","potentialAction":[{"@type":"SearchAction","target":{"@type":"EntryPoint","urlTemplate":"https:\/\/www.msknm.sk\/?s={search_term_string}"},"query-input":{"@type":"PropertyValueSpecification","valueRequired":true,"valueName":"search_term_string"}}],"inLanguage":"sk-SK"}]}},"_links":{"self":[{"href":"https:\/\/www.msknm.sk\/index.php\/wp-json\/wp\/v2\/pages\/201","targetHints":{"allow":["GET"]}}],"collection":[{"href":"https:\/\/www.msknm.sk\/index.php\/wp-json\/wp\/v2\/pages"}],"about":[{"href":"https:\/\/www.msknm.sk\/index.php\/wp-json\/wp\/v2\/types\/page"}],"author":[{"embeddable":true,"href":"https:\/\/www.msknm.sk\/index.php\/wp-json\/wp\/v2\/users\/1"}],"replies":[{"embeddable":true,"href":"https:\/\/www.msknm.sk\/index.php\/wp-json\/wp\/v2\/comments?post=201"}],"version-history":[{"count":29,"href":"https:\/\/www.msknm.sk\/index.php\/wp-json\/wp\/v2\/pages\/201\/revisions"}],"predecessor-version":[{"id":495,"href":"https:\/\/www.msknm.sk\/index.php\/wp-json\/wp\/v2\/pages\/201\/revisions\/495"}],"wp:attachment":[{"href":"https:\/\/www.msknm.sk\/index.php\/wp-json\/wp\/v2\/media?parent=201"}],"curies":[{"name":"wp","href":"https:\/\/api.w.org\/{rel}","templated":true}]}}