{"id":233,"date":"2024-11-07T19:33:00","date_gmt":"2024-11-07T18:33:00","guid":{"rendered":"https:\/\/www.msknm.sk\/?page_id=233"},"modified":"2025-01-13T09:13:17","modified_gmt":"2025-01-13T08:13:17","slug":"gdpr","status":"publish","type":"page","link":"https:\/\/www.msknm.sk\/index.php\/gdpr\/","title":{"rendered":"GDPR"},"content":{"rendered":"\n<h2 class=\"wp-block-heading has-text-align-center\">GDPR &#8211; Ochrana osobn\u00fdch \u00fadajov<\/h2>\n\n\n\n<hr class=\"wp-block-separator has-alpha-channel-opacity\"\/>\n\n\n\n<div class=\"wp-block-file aligncenter\"><a id=\"wp-block-file--media-d4a756bd-b660-4d09-b153-a5487b7a0a90\" href=\"https:\/\/www.msknm.sk\/wp-content\/uploads\/2025\/01\/GDPR_deti_rodicia.pdf\" target=\"_blank\" rel=\"noreferrer noopener\"><strong>GDPR_deti_rodicia<\/strong><\/a><a href=\"https:\/\/www.msknm.sk\/wp-content\/uploads\/2025\/01\/GDPR_deti_rodicia.pdf\" class=\"wp-block-file__button wp-element-button\" download aria-describedby=\"wp-block-file--media-d4a756bd-b660-4d09-b153-a5487b7a0a90\">Stiahnu\u0165<\/a><\/div>\n\n\n\n<div class=\"wp-block-file aligncenter\"><a id=\"wp-block-file--media-eaf0a118-ed25-43de-9376-d31828f1f273\" href=\"https:\/\/www.msknm.sk\/wp-content\/uploads\/2025\/01\/GDPR_zamestnanci.pdf\" target=\"_blank\" rel=\"noreferrer noopener\"><strong>GDPR_zamestnanci<\/strong><\/a><a href=\"https:\/\/www.msknm.sk\/wp-content\/uploads\/2025\/01\/GDPR_zamestnanci.pdf\" class=\"wp-block-file__button wp-element-button\" download aria-describedby=\"wp-block-file--media-eaf0a118-ed25-43de-9376-d31828f1f273\">Stiahnu\u0165<\/a><\/div>\n\n\n\n<div class=\"wp-block-file aligncenter\"><a id=\"wp-block-file--media-60aa7355-cfb8-4341-a0a4-1c9f78e7ad00\" href=\"https:\/\/www.msknm.sk\/wp-content\/uploads\/2025\/01\/GDPR_zmluvy.pdf\" target=\"_blank\" rel=\"noreferrer noopener\"><strong>GDPR_zmluvy<\/strong><\/a><a href=\"https:\/\/www.msknm.sk\/wp-content\/uploads\/2025\/01\/GDPR_zmluvy.pdf\" class=\"wp-block-file__button wp-element-button\" download aria-describedby=\"wp-block-file--media-60aa7355-cfb8-4341-a0a4-1c9f78e7ad00\">Stiahnu\u0165<\/a><\/div>\n\n\n\n<hr class=\"wp-block-separator has-alpha-channel-opacity\"\/>\n\n\n\n<p class=\"has-text-align-center\"><strong>Ozn\u00e1menie kontaktn\u00fdch \u00fadajov o zodpovednej osobe&nbsp;<\/strong><\/p>\n\n\n\n<p class=\"has-text-align-center\">Matersk\u00e1 \u0161kola, Ulica 9.m\u00e1ja 1292\/11, 024 04 Kysuck\u00e9 Nov\u00e9 Mesto, Slovensk\u00e1 republika, I\u010cO: 37812611<\/p>\n\n\n\n<p class=\"has-text-align-center\">\u0160tatut\u00e1rny z\u00e1stupca : Bc. Monika \u017dilkov\u00e1, riadite\u013eka \u0161koly<\/p>\n\n\n\n<p class=\"has-text-align-center\">V s\u00falade s ustanoven\u00edm \u00a7 44, ods. 8, z\u00e1kona \u010d.18\/2018 Z.z., o ochrane osobn\u00fdch \u00fadajov a o zmene a doplnen\u00ed niektor\u00fdch z\u00e1konov oznamujeme kontaktn\u00e9 \u00fadaje zodpovednej osoby v oblasti ochrany osobn\u00fdch \u00fadajov :<\/p>\n\n\n\n<p class=\"has-text-align-center\"><strong>Meno a priezvisko :<\/strong>&nbsp;Ing. Katar\u00edna Francov\u00e1<\/p>\n\n\n\n<p class=\"has-text-align-center\"><strong>Telef\u00f3nne \u010d\u00edslo :&nbsp;<\/strong>0903 780 535, 041\/421 2934<\/p>\n\n\n\n<p class=\"has-text-align-center\"><strong>Email:&nbsp;<\/strong>sjms9majaknm@centrum.sk<\/p>\n","protected":false},"excerpt":{"rendered":"<p>GDPR &#8211; Ochrana osobn\u00fdch \u00fadajov Ozn\u00e1menie kontaktn\u00fdch \u00fadajov o zodpovednej osobe&nbsp; Matersk\u00e1 \u0161kola, Ulica 9.m\u00e1ja 1292\/11, 024 04 Kysuck\u00e9 Nov\u00e9 Mesto, Slovensk\u00e1 republika, I\u010cO: 37812611 \u0160tatut\u00e1rny z\u00e1stupca : Bc. Monika \u017dilkov\u00e1, riadite\u013eka \u0161koly V s\u00falade s ustanoven\u00edm \u00a7 44, ods. 8, z\u00e1kona \u010d.18\/2018 Z.z., o ochrane osobn\u00fdch \u00fadajov a o zmene a doplnen\u00ed niektor\u00fdch z\u00e1konov [&hellip;]<\/p>\n","protected":false},"author":1,"featured_media":0,"parent":0,"menu_order":0,"comment_status":"closed","ping_status":"closed","template":"","meta":{"ngg_post_thumbnail":0,"ocean_post_layout":"","ocean_both_sidebars_style":"","ocean_both_sidebars_content_width":0,"ocean_both_sidebars_sidebars_width":0,"ocean_sidebar":"","ocean_second_sidebar":"","ocean_disable_margins":"enable","ocean_add_body_class":"","ocean_shortcode_before_top_bar":"","ocean_shortcode_after_top_bar":"","ocean_shortcode_before_header":"","ocean_shortcode_after_header":"","ocean_has_shortcode":"","ocean_shortcode_after_title":"","ocean_shortcode_before_footer_widgets":"","ocean_shortcode_after_footer_widgets":"","ocean_shortcode_before_footer_bottom":"","ocean_shortcode_after_footer_bottom":"","ocean_display_top_bar":"default","ocean_display_header":"default","ocean_header_style":"","ocean_center_header_left_menu":"","ocean_custom_header_template":"","ocean_custom_logo":0,"ocean_custom_retina_logo":0,"ocean_custom_logo_max_width":0,"ocean_custom_logo_tablet_max_width":0,"ocean_custom_logo_mobile_max_width":0,"ocean_custom_logo_max_height":0,"ocean_custom_logo_tablet_max_height":0,"ocean_custom_logo_mobile_max_height":0,"ocean_header_custom_menu":"","ocean_menu_typo_font_family":"","ocean_menu_typo_font_subset":"","ocean_menu_typo_font_size":0,"ocean_menu_typo_font_size_tablet":0,"ocean_menu_typo_font_size_mobile":0,"ocean_menu_typo_font_size_unit":"px","ocean_menu_typo_font_weight":"","ocean_menu_typo_font_weight_tablet":"","ocean_menu_typo_font_weight_mobile":"","ocean_menu_typo_transform":"","ocean_menu_typo_transform_tablet":"","ocean_menu_typo_transform_mobile":"","ocean_menu_typo_line_height":0,"ocean_menu_typo_line_height_tablet":0,"ocean_menu_typo_line_height_mobile":0,"ocean_menu_typo_line_height_unit":"","ocean_menu_typo_spacing":0,"ocean_menu_typo_spacing_tablet":0,"ocean_menu_typo_spacing_mobile":0,"ocean_menu_typo_spacing_unit":"","ocean_menu_link_color":"","ocean_menu_link_color_hover":"","ocean_menu_link_color_active":"","ocean_menu_link_background":"","ocean_menu_link_hover_background":"","ocean_menu_link_active_background":"","ocean_menu_social_links_bg":"","ocean_menu_social_hover_links_bg":"","ocean_menu_social_links_color":"","ocean_menu_social_hover_links_color":"","ocean_disable_title":"default","ocean_disable_heading":"default","ocean_post_title":"","ocean_post_subheading":"","ocean_post_title_style":"","ocean_post_title_background_color":"","ocean_post_title_background":0,"ocean_post_title_bg_image_position":"","ocean_post_title_bg_image_attachment":"","ocean_post_title_bg_image_repeat":"","ocean_post_title_bg_image_size":"","ocean_post_title_height":0,"ocean_post_title_bg_overlay":0.5,"ocean_post_title_bg_overlay_color":"","ocean_disable_breadcrumbs":"default","ocean_breadcrumbs_color":"","ocean_breadcrumbs_separator_color":"","ocean_breadcrumbs_links_color":"","ocean_breadcrumbs_links_hover_color":"","ocean_display_footer_widgets":"default","ocean_display_footer_bottom":"default","ocean_custom_footer_template":"","footnotes":""},"class_list":["post-233","page","type-page","status-publish","hentry","entry"],"yoast_head":"<!-- This site is optimized with the Yoast SEO plugin v27.4 - https:\/\/yoast.com\/product\/yoast-seo-wordpress\/ -->\n<title>GDPR - Matersk\u00e1 \u0161kola 9. M\u00e1ja KNM<\/title>\n<meta name=\"robots\" content=\"index, follow, max-snippet:-1, max-image-preview:large, max-video-preview:-1\" \/>\n<link rel=\"canonical\" href=\"https:\/\/www.msknm.sk\/index.php\/gdpr\/\" \/>\n<meta property=\"og:locale\" content=\"sk_SK\" \/>\n<meta property=\"og:type\" content=\"article\" \/>\n<meta property=\"og:title\" content=\"GDPR - Matersk\u00e1 \u0161kola 9. M\u00e1ja KNM\" \/>\n<meta property=\"og:description\" content=\"GDPR &#8211; Ochrana osobn\u00fdch \u00fadajov Ozn\u00e1menie kontaktn\u00fdch \u00fadajov o zodpovednej osobe&nbsp; Matersk\u00e1 \u0161kola, Ulica 9.m\u00e1ja 1292\/11, 024 04 Kysuck\u00e9 Nov\u00e9 Mesto, Slovensk\u00e1 republika, I\u010cO: 37812611 \u0160tatut\u00e1rny z\u00e1stupca : Bc. Monika \u017dilkov\u00e1, riadite\u013eka \u0161koly V s\u00falade s ustanoven\u00edm \u00a7 44, ods. 8, z\u00e1kona \u010d.18\/2018 Z.z., o ochrane osobn\u00fdch \u00fadajov a o zmene a doplnen\u00ed niektor\u00fdch z\u00e1konov [&hellip;]\" \/>\n<meta property=\"og:url\" content=\"https:\/\/www.msknm.sk\/index.php\/gdpr\/\" \/>\n<meta property=\"og:site_name\" content=\"Matersk\u00e1 \u0161kola 9. M\u00e1ja KNM\" \/>\n<meta property=\"article:modified_time\" content=\"2025-01-13T08:13:17+00:00\" \/>\n<meta name=\"twitter:card\" content=\"summary_large_image\" \/>\n<meta name=\"twitter:label1\" content=\"Predpokladan\u00fd \u010das \u010d\u00edtania\" \/>\n\t<meta name=\"twitter:data1\" content=\"1 min\u00fata\" \/>\n<script type=\"application\/ld+json\" class=\"yoast-schema-graph\">{\"@context\":\"https:\\\/\\\/schema.org\",\"@graph\":[{\"@type\":\"WebPage\",\"@id\":\"https:\\\/\\\/www.msknm.sk\\\/index.php\\\/gdpr\\\/\",\"url\":\"https:\\\/\\\/www.msknm.sk\\\/index.php\\\/gdpr\\\/\",\"name\":\"GDPR - Matersk\u00e1 \u0161kola 9. M\u00e1ja KNM\",\"isPartOf\":{\"@id\":\"https:\\\/\\\/www.msknm.sk\\\/#website\"},\"datePublished\":\"2024-11-07T18:33:00+00:00\",\"dateModified\":\"2025-01-13T08:13:17+00:00\",\"breadcrumb\":{\"@id\":\"https:\\\/\\\/www.msknm.sk\\\/index.php\\\/gdpr\\\/#breadcrumb\"},\"inLanguage\":\"sk-SK\",\"potentialAction\":[{\"@type\":\"ReadAction\",\"target\":[\"https:\\\/\\\/www.msknm.sk\\\/index.php\\\/gdpr\\\/\"]}]},{\"@type\":\"BreadcrumbList\",\"@id\":\"https:\\\/\\\/www.msknm.sk\\\/index.php\\\/gdpr\\\/#breadcrumb\",\"itemListElement\":[{\"@type\":\"ListItem\",\"position\":1,\"name\":\"Domovsk\u00e1 str\u00e1nka\",\"item\":\"https:\\\/\\\/www.msknm.sk\\\/\"},{\"@type\":\"ListItem\",\"position\":2,\"name\":\"GDPR\"}]},{\"@type\":\"WebSite\",\"@id\":\"https:\\\/\\\/www.msknm.sk\\\/#website\",\"url\":\"https:\\\/\\\/www.msknm.sk\\\/\",\"name\":\"Matersk\u00e1 \u0161kola\",\"description\":\"\",\"potentialAction\":[{\"@type\":\"SearchAction\",\"target\":{\"@type\":\"EntryPoint\",\"urlTemplate\":\"https:\\\/\\\/www.msknm.sk\\\/?s={search_term_string}\"},\"query-input\":{\"@type\":\"PropertyValueSpecification\",\"valueRequired\":true,\"valueName\":\"search_term_string\"}}],\"inLanguage\":\"sk-SK\"}]}<\/script>\n<!-- \/ Yoast SEO plugin. -->","yoast_head_json":{"title":"GDPR - Matersk\u00e1 \u0161kola 9. M\u00e1ja KNM","robots":{"index":"index","follow":"follow","max-snippet":"max-snippet:-1","max-image-preview":"max-image-preview:large","max-video-preview":"max-video-preview:-1"},"canonical":"https:\/\/www.msknm.sk\/index.php\/gdpr\/","og_locale":"sk_SK","og_type":"article","og_title":"GDPR - Matersk\u00e1 \u0161kola 9. M\u00e1ja KNM","og_description":"GDPR &#8211; Ochrana osobn\u00fdch \u00fadajov Ozn\u00e1menie kontaktn\u00fdch \u00fadajov o zodpovednej osobe&nbsp; Matersk\u00e1 \u0161kola, Ulica 9.m\u00e1ja 1292\/11, 024 04 Kysuck\u00e9 Nov\u00e9 Mesto, Slovensk\u00e1 republika, I\u010cO: 37812611 \u0160tatut\u00e1rny z\u00e1stupca : Bc. Monika \u017dilkov\u00e1, riadite\u013eka \u0161koly V s\u00falade s ustanoven\u00edm \u00a7 44, ods. 8, z\u00e1kona \u010d.18\/2018 Z.z., o ochrane osobn\u00fdch \u00fadajov a o zmene a doplnen\u00ed niektor\u00fdch z\u00e1konov [&hellip;]","og_url":"https:\/\/www.msknm.sk\/index.php\/gdpr\/","og_site_name":"Matersk\u00e1 \u0161kola 9. M\u00e1ja KNM","article_modified_time":"2025-01-13T08:13:17+00:00","twitter_card":"summary_large_image","twitter_misc":{"Predpokladan\u00fd \u010das \u010d\u00edtania":"1 min\u00fata"},"schema":{"@context":"https:\/\/schema.org","@graph":[{"@type":"WebPage","@id":"https:\/\/www.msknm.sk\/index.php\/gdpr\/","url":"https:\/\/www.msknm.sk\/index.php\/gdpr\/","name":"GDPR - Matersk\u00e1 \u0161kola 9. M\u00e1ja KNM","isPartOf":{"@id":"https:\/\/www.msknm.sk\/#website"},"datePublished":"2024-11-07T18:33:00+00:00","dateModified":"2025-01-13T08:13:17+00:00","breadcrumb":{"@id":"https:\/\/www.msknm.sk\/index.php\/gdpr\/#breadcrumb"},"inLanguage":"sk-SK","potentialAction":[{"@type":"ReadAction","target":["https:\/\/www.msknm.sk\/index.php\/gdpr\/"]}]},{"@type":"BreadcrumbList","@id":"https:\/\/www.msknm.sk\/index.php\/gdpr\/#breadcrumb","itemListElement":[{"@type":"ListItem","position":1,"name":"Domovsk\u00e1 str\u00e1nka","item":"https:\/\/www.msknm.sk\/"},{"@type":"ListItem","position":2,"name":"GDPR"}]},{"@type":"WebSite","@id":"https:\/\/www.msknm.sk\/#website","url":"https:\/\/www.msknm.sk\/","name":"Matersk\u00e1 \u0161kola","description":"","potentialAction":[{"@type":"SearchAction","target":{"@type":"EntryPoint","urlTemplate":"https:\/\/www.msknm.sk\/?s={search_term_string}"},"query-input":{"@type":"PropertyValueSpecification","valueRequired":true,"valueName":"search_term_string"}}],"inLanguage":"sk-SK"}]}},"_links":{"self":[{"href":"https:\/\/www.msknm.sk\/index.php\/wp-json\/wp\/v2\/pages\/233","targetHints":{"allow":["GET"]}}],"collection":[{"href":"https:\/\/www.msknm.sk\/index.php\/wp-json\/wp\/v2\/pages"}],"about":[{"href":"https:\/\/www.msknm.sk\/index.php\/wp-json\/wp\/v2\/types\/page"}],"author":[{"embeddable":true,"href":"https:\/\/www.msknm.sk\/index.php\/wp-json\/wp\/v2\/users\/1"}],"replies":[{"embeddable":true,"href":"https:\/\/www.msknm.sk\/index.php\/wp-json\/wp\/v2\/comments?post=233"}],"version-history":[{"count":8,"href":"https:\/\/www.msknm.sk\/index.php\/wp-json\/wp\/v2\/pages\/233\/revisions"}],"predecessor-version":[{"id":439,"href":"https:\/\/www.msknm.sk\/index.php\/wp-json\/wp\/v2\/pages\/233\/revisions\/439"}],"wp:attachment":[{"href":"https:\/\/www.msknm.sk\/index.php\/wp-json\/wp\/v2\/media?parent=233"}],"curies":[{"name":"wp","href":"https:\/\/api.w.org\/{rel}","templated":true}]}}