{"id":353,"date":"2024-11-08T11:49:38","date_gmt":"2024-11-08T10:49:38","guid":{"rendered":"https:\/\/www.msknm.sk\/?page_id=353"},"modified":"2024-11-08T11:56:43","modified_gmt":"2024-11-08T10:56:43","slug":"vyhlasenie-o-pristupnosti","status":"publish","type":"page","link":"https:\/\/www.msknm.sk\/index.php\/vyhlasenie-o-pristupnosti\/","title":{"rendered":"Vyhl\u00e1senie o pr\u00edstupnosti"},"content":{"rendered":"\t\t<div data-elementor-type=\"wp-page\" data-elementor-id=\"353\" class=\"elementor elementor-353\">\n\t\t\t\t<div class=\"elementor-element elementor-element-59d9a910 e-flex e-con-boxed e-con e-parent\" data-id=\"59d9a910\" data-element_type=\"container\" data-e-type=\"container\">\n\t\t\t\t\t<div class=\"e-con-inner\">\n\t\t\t\t<div class=\"elementor-element elementor-element-60202dde elementor-invisible elementor-widget elementor-widget-text-editor\" data-id=\"60202dde\" data-element_type=\"widget\" data-e-type=\"widget\" data-settings=\"{&quot;_animation&quot;:&quot;fadeIn&quot;,&quot;_animation_delay&quot;:200}\" data-widget_type=\"text-editor.default\">\n\t\t\t\t<div class=\"elementor-widget-container\">\n\t\t\t\t\t\t\t\t\t\n<h1><strong>Vyhl\u00e1senie o pr\u00edstupnosti webov\u00e9ho s\u00eddla <a href=\"http:\/\/www.msknm.sk\">www.msknm.sk<\/a><\/strong><\/h1>\n\n<p>Matersk\u00e1 \u0161kola, Ulica 9. m\u00e1ja 1292\/11, 024 04 Kysuck\u00e9 Nov\u00e9 Mesto webov\u00e1 str\u00e1nka <a href=\"http:\/\/www.msknm.sk\">www.msknm.sk<\/a>, sa zav\u00e4zuje zabezpe\u010di\u0165 pr\u00edstupnos\u0165 svojich internetov\u00fdch str\u00e1nok v s\u00falade so z\u00e1konom \u010d. 95\/2019 Z. z. o informa\u010dn\u00fdch technol\u00f3gi\u00e1ch vo verejnej spr\u00e1ve a s\u00favisiacimi pr\u00e1vnymi predpismi o zabezpe\u010den\u00ed pr\u00edstupnosti pre osoby so zdravotn\u00fdm postihnut\u00edm a znev\u00fdhodnen\u00fdch pou\u017e\u00edvate\u013eov.<\/p>\n\n<p><strong>Stav s\u00faladu<\/strong> Webov\u00e1 str\u00e1nka je \u010diasto\u010dne v s\u00falade s po\u017eiadavkami WCAG 2.1, najm\u00e4 na \u00farovni AA, a zabezpe\u010duje z\u00e1kladn\u00e9 pr\u00edstupn\u00e9 prvky pre v\u0161etk\u00fdch pou\u017e\u00edvate\u013eov. Pracujeme na postupnom zlep\u0161ovan\u00ed pr\u00edstupnosti na\u0161ich str\u00e1nok.<\/p>\n\n<p><strong>Nepr\u00edstupn\u00fd obsah<\/strong> Niektor\u00e9 \u010dasti n\u00e1\u0161ho webov\u00e9ho s\u00eddla m\u00f4\u017eu by\u0165 pre pou\u017e\u00edvate\u013eov so zrakov\u00fdm, sluchov\u00fdm alebo in\u00fdm postihnut\u00edm menej dostupn\u00e9. Ide o:<\/p>\n\n<ul class=\"wp-block-list\">\n<li>PDF dokumenty bez alternat\u00edvnych textov pre \u010d\u00edtacie zariadenia<\/li>\n\n<li>Niektor\u00e9 obr\u00e1zky alebo grafiky, ktor\u00e9 nemaj\u00fa pridelen\u00e9 textov\u00e9 alternat\u00edvy<\/li>\n\n<li>Multimedi\u00e1lny obsah bez textov\u00e9ho alebo zvukov\u00e9ho sprievodu<\/li>\n<\/ul>\n\n<p><strong>Kontakt na sp\u00e4tn\u00fa v\u00e4zbu a rie\u0161enie probl\u00e9mov s pr\u00edstupnos\u0165ou<\/strong> Ak m\u00e1te ot\u00e1zky t\u00fdkaj\u00face sa pr\u00edstupnosti alebo m\u00e1te probl\u00e9my s pr\u00edstupom k obsahu na na\u0161ej str\u00e1nke, kontaktujte n\u00e1s pros\u00edm:<\/p>\n\n<ul class=\"wp-block-list\">\n<li>Email: <a href=\"mailto:ms9majaknm@centrum.sk\">ms9majaknm@centrum.sk<\/a><\/li>\n\n<li>Telef\u00f3n: 041\/ 421 2934, +421 904 017 311<\/li>\n<\/ul>\n\n<p>Va\u0161a sp\u00e4tn\u00e1 v\u00e4zba je pre n\u00e1s d\u00f4le\u017eit\u00e1 a umo\u017en\u00ed n\u00e1m web postupne vylep\u0161ova\u0165 tak, aby bol pr\u00edstupn\u00fd pre v\u0161etk\u00fdch pou\u017e\u00edvate\u013eov.<\/p>\n\n<p><strong>Vypracovanie vyhl\u00e1senia<\/strong> Toto vyhl\u00e1senie bolo vypracovan\u00e9 d\u0148a [08.11.2024].<\/p>\n\n<p>\u00a0<\/p>\n\t\t\t\t\t\t\t\t<\/div>\n\t\t\t\t<\/div>\n\t\t\t\t\t<\/div>\n\t\t\t\t<\/div>\n\t\t\t\t<\/div>\n\t\t","protected":false},"excerpt":{"rendered":"<p>Vyhl\u00e1senie o pr\u00edstupnosti webov\u00e9ho s\u00eddla www.msknm.sk Matersk\u00e1 \u0161kola, Ulica 9. m\u00e1ja 1292\/11, 024 04 Kysuck\u00e9 Nov\u00e9 Mesto webov\u00e1 str\u00e1nka www.msknm.sk, sa zav\u00e4zuje zabezpe\u010di\u0165 pr\u00edstupnos\u0165 svojich internetov\u00fdch str\u00e1nok v s\u00falade so z\u00e1konom \u010d. 95\/2019 Z. z. o informa\u010dn\u00fdch technol\u00f3gi\u00e1ch vo verejnej spr\u00e1ve a s\u00favisiacimi pr\u00e1vnymi predpismi o zabezpe\u010den\u00ed pr\u00edstupnosti pre osoby so zdravotn\u00fdm postihnut\u00edm a znev\u00fdhodnen\u00fdch [&hellip;]<\/p>\n","protected":false},"author":1,"featured_media":0,"parent":0,"menu_order":0,"comment_status":"closed","ping_status":"closed","template":"","meta":{"ngg_post_thumbnail":0,"ocean_post_layout":"","ocean_both_sidebars_style":"","ocean_both_sidebars_content_width":0,"ocean_both_sidebars_sidebars_width":0,"ocean_sidebar":"","ocean_second_sidebar":"","ocean_disable_margins":"enable","ocean_add_body_class":"","ocean_shortcode_before_top_bar":"","ocean_shortcode_after_top_bar":"","ocean_shortcode_before_header":"","ocean_shortcode_after_header":"","ocean_has_shortcode":"","ocean_shortcode_after_title":"","ocean_shortcode_before_footer_widgets":"","ocean_shortcode_after_footer_widgets":"","ocean_shortcode_before_footer_bottom":"","ocean_shortcode_after_footer_bottom":"","ocean_display_top_bar":"default","ocean_display_header":"default","ocean_header_style":"","ocean_center_header_left_menu":"","ocean_custom_header_template":"","ocean_custom_logo":0,"ocean_custom_retina_logo":0,"ocean_custom_logo_max_width":0,"ocean_custom_logo_tablet_max_width":0,"ocean_custom_logo_mobile_max_width":0,"ocean_custom_logo_max_height":0,"ocean_custom_logo_tablet_max_height":0,"ocean_custom_logo_mobile_max_height":0,"ocean_header_custom_menu":"","ocean_menu_typo_font_family":"","ocean_menu_typo_font_subset":"","ocean_menu_typo_font_size":0,"ocean_menu_typo_font_size_tablet":0,"ocean_menu_typo_font_size_mobile":0,"ocean_menu_typo_font_size_unit":"px","ocean_menu_typo_font_weight":"","ocean_menu_typo_font_weight_tablet":"","ocean_menu_typo_font_weight_mobile":"","ocean_menu_typo_transform":"","ocean_menu_typo_transform_tablet":"","ocean_menu_typo_transform_mobile":"","ocean_menu_typo_line_height":0,"ocean_menu_typo_line_height_tablet":0,"ocean_menu_typo_line_height_mobile":0,"ocean_menu_typo_line_height_unit":"","ocean_menu_typo_spacing":0,"ocean_menu_typo_spacing_tablet":0,"ocean_menu_typo_spacing_mobile":0,"ocean_menu_typo_spacing_unit":"","ocean_menu_link_color":"","ocean_menu_link_color_hover":"","ocean_menu_link_color_active":"","ocean_menu_link_background":"","ocean_menu_link_hover_background":"","ocean_menu_link_active_background":"","ocean_menu_social_links_bg":"","ocean_menu_social_hover_links_bg":"","ocean_menu_social_links_color":"","ocean_menu_social_hover_links_color":"","ocean_disable_title":"default","ocean_disable_heading":"default","ocean_post_title":"","ocean_post_subheading":"","ocean_post_title_style":"","ocean_post_title_background_color":"","ocean_post_title_background":0,"ocean_post_title_bg_image_position":"","ocean_post_title_bg_image_attachment":"","ocean_post_title_bg_image_repeat":"","ocean_post_title_bg_image_size":"","ocean_post_title_height":0,"ocean_post_title_bg_overlay":0.5,"ocean_post_title_bg_overlay_color":"","ocean_disable_breadcrumbs":"default","ocean_breadcrumbs_color":"","ocean_breadcrumbs_separator_color":"","ocean_breadcrumbs_links_color":"","ocean_breadcrumbs_links_hover_color":"","ocean_display_footer_widgets":"default","ocean_display_footer_bottom":"default","ocean_custom_footer_template":"","footnotes":""},"class_list":["post-353","page","type-page","status-publish","hentry","entry"],"yoast_head":"<!-- This site is optimized with the Yoast SEO plugin v27.4 - https:\/\/yoast.com\/product\/yoast-seo-wordpress\/ -->\n<title>Vyhl\u00e1senie o pr\u00edstupnosti - Matersk\u00e1 \u0161kola 9. M\u00e1ja KNM<\/title>\n<meta name=\"robots\" content=\"index, follow, max-snippet:-1, max-image-preview:large, max-video-preview:-1\" \/>\n<link rel=\"canonical\" href=\"https:\/\/www.msknm.sk\/index.php\/vyhlasenie-o-pristupnosti\/\" \/>\n<meta property=\"og:locale\" content=\"sk_SK\" \/>\n<meta property=\"og:type\" content=\"article\" \/>\n<meta property=\"og:title\" content=\"Vyhl\u00e1senie o pr\u00edstupnosti - Matersk\u00e1 \u0161kola 9. M\u00e1ja KNM\" \/>\n<meta property=\"og:description\" content=\"Vyhl\u00e1senie o pr\u00edstupnosti webov\u00e9ho s\u00eddla www.msknm.sk Matersk\u00e1 \u0161kola, Ulica 9. m\u00e1ja 1292\/11, 024 04 Kysuck\u00e9 Nov\u00e9 Mesto webov\u00e1 str\u00e1nka www.msknm.sk, sa zav\u00e4zuje zabezpe\u010di\u0165 pr\u00edstupnos\u0165 svojich internetov\u00fdch str\u00e1nok v s\u00falade so z\u00e1konom \u010d. 95\/2019 Z. z. o informa\u010dn\u00fdch technol\u00f3gi\u00e1ch vo verejnej spr\u00e1ve a s\u00favisiacimi pr\u00e1vnymi predpismi o zabezpe\u010den\u00ed pr\u00edstupnosti pre osoby so zdravotn\u00fdm postihnut\u00edm a znev\u00fdhodnen\u00fdch [&hellip;]\" \/>\n<meta property=\"og:url\" content=\"https:\/\/www.msknm.sk\/index.php\/vyhlasenie-o-pristupnosti\/\" \/>\n<meta property=\"og:site_name\" content=\"Matersk\u00e1 \u0161kola 9. M\u00e1ja KNM\" \/>\n<meta property=\"article:modified_time\" content=\"2024-11-08T10:56:43+00:00\" \/>\n<meta name=\"twitter:card\" content=\"summary_large_image\" \/>\n<meta name=\"twitter:label1\" content=\"Predpokladan\u00fd \u010das \u010d\u00edtania\" \/>\n\t<meta name=\"twitter:data1\" content=\"2 min\u00faty\" \/>\n<script type=\"application\/ld+json\" class=\"yoast-schema-graph\">{\"@context\":\"https:\\\/\\\/schema.org\",\"@graph\":[{\"@type\":\"WebPage\",\"@id\":\"https:\\\/\\\/www.msknm.sk\\\/index.php\\\/vyhlasenie-o-pristupnosti\\\/\",\"url\":\"https:\\\/\\\/www.msknm.sk\\\/index.php\\\/vyhlasenie-o-pristupnosti\\\/\",\"name\":\"Vyhl\u00e1senie o pr\u00edstupnosti - Matersk\u00e1 \u0161kola 9. M\u00e1ja KNM\",\"isPartOf\":{\"@id\":\"https:\\\/\\\/www.msknm.sk\\\/#website\"},\"datePublished\":\"2024-11-08T10:49:38+00:00\",\"dateModified\":\"2024-11-08T10:56:43+00:00\",\"breadcrumb\":{\"@id\":\"https:\\\/\\\/www.msknm.sk\\\/index.php\\\/vyhlasenie-o-pristupnosti\\\/#breadcrumb\"},\"inLanguage\":\"sk-SK\",\"potentialAction\":[{\"@type\":\"ReadAction\",\"target\":[\"https:\\\/\\\/www.msknm.sk\\\/index.php\\\/vyhlasenie-o-pristupnosti\\\/\"]}]},{\"@type\":\"BreadcrumbList\",\"@id\":\"https:\\\/\\\/www.msknm.sk\\\/index.php\\\/vyhlasenie-o-pristupnosti\\\/#breadcrumb\",\"itemListElement\":[{\"@type\":\"ListItem\",\"position\":1,\"name\":\"Domovsk\u00e1 str\u00e1nka\",\"item\":\"https:\\\/\\\/www.msknm.sk\\\/\"},{\"@type\":\"ListItem\",\"position\":2,\"name\":\"Vyhl\u00e1senie o pr\u00edstupnosti\"}]},{\"@type\":\"WebSite\",\"@id\":\"https:\\\/\\\/www.msknm.sk\\\/#website\",\"url\":\"https:\\\/\\\/www.msknm.sk\\\/\",\"name\":\"Matersk\u00e1 \u0161kola\",\"description\":\"\",\"potentialAction\":[{\"@type\":\"SearchAction\",\"target\":{\"@type\":\"EntryPoint\",\"urlTemplate\":\"https:\\\/\\\/www.msknm.sk\\\/?s={search_term_string}\"},\"query-input\":{\"@type\":\"PropertyValueSpecification\",\"valueRequired\":true,\"valueName\":\"search_term_string\"}}],\"inLanguage\":\"sk-SK\"}]}<\/script>\n<!-- \/ Yoast SEO plugin. -->","yoast_head_json":{"title":"Vyhl\u00e1senie o pr\u00edstupnosti - Matersk\u00e1 \u0161kola 9. M\u00e1ja KNM","robots":{"index":"index","follow":"follow","max-snippet":"max-snippet:-1","max-image-preview":"max-image-preview:large","max-video-preview":"max-video-preview:-1"},"canonical":"https:\/\/www.msknm.sk\/index.php\/vyhlasenie-o-pristupnosti\/","og_locale":"sk_SK","og_type":"article","og_title":"Vyhl\u00e1senie o pr\u00edstupnosti - Matersk\u00e1 \u0161kola 9. M\u00e1ja KNM","og_description":"Vyhl\u00e1senie o pr\u00edstupnosti webov\u00e9ho s\u00eddla www.msknm.sk Matersk\u00e1 \u0161kola, Ulica 9. m\u00e1ja 1292\/11, 024 04 Kysuck\u00e9 Nov\u00e9 Mesto webov\u00e1 str\u00e1nka www.msknm.sk, sa zav\u00e4zuje zabezpe\u010di\u0165 pr\u00edstupnos\u0165 svojich internetov\u00fdch str\u00e1nok v s\u00falade so z\u00e1konom \u010d. 95\/2019 Z. z. o informa\u010dn\u00fdch technol\u00f3gi\u00e1ch vo verejnej spr\u00e1ve a s\u00favisiacimi pr\u00e1vnymi predpismi o zabezpe\u010den\u00ed pr\u00edstupnosti pre osoby so zdravotn\u00fdm postihnut\u00edm a znev\u00fdhodnen\u00fdch [&hellip;]","og_url":"https:\/\/www.msknm.sk\/index.php\/vyhlasenie-o-pristupnosti\/","og_site_name":"Matersk\u00e1 \u0161kola 9. M\u00e1ja KNM","article_modified_time":"2024-11-08T10:56:43+00:00","twitter_card":"summary_large_image","twitter_misc":{"Predpokladan\u00fd \u010das \u010d\u00edtania":"2 min\u00faty"},"schema":{"@context":"https:\/\/schema.org","@graph":[{"@type":"WebPage","@id":"https:\/\/www.msknm.sk\/index.php\/vyhlasenie-o-pristupnosti\/","url":"https:\/\/www.msknm.sk\/index.php\/vyhlasenie-o-pristupnosti\/","name":"Vyhl\u00e1senie o pr\u00edstupnosti - Matersk\u00e1 \u0161kola 9. M\u00e1ja KNM","isPartOf":{"@id":"https:\/\/www.msknm.sk\/#website"},"datePublished":"2024-11-08T10:49:38+00:00","dateModified":"2024-11-08T10:56:43+00:00","breadcrumb":{"@id":"https:\/\/www.msknm.sk\/index.php\/vyhlasenie-o-pristupnosti\/#breadcrumb"},"inLanguage":"sk-SK","potentialAction":[{"@type":"ReadAction","target":["https:\/\/www.msknm.sk\/index.php\/vyhlasenie-o-pristupnosti\/"]}]},{"@type":"BreadcrumbList","@id":"https:\/\/www.msknm.sk\/index.php\/vyhlasenie-o-pristupnosti\/#breadcrumb","itemListElement":[{"@type":"ListItem","position":1,"name":"Domovsk\u00e1 str\u00e1nka","item":"https:\/\/www.msknm.sk\/"},{"@type":"ListItem","position":2,"name":"Vyhl\u00e1senie o pr\u00edstupnosti"}]},{"@type":"WebSite","@id":"https:\/\/www.msknm.sk\/#website","url":"https:\/\/www.msknm.sk\/","name":"Matersk\u00e1 \u0161kola","description":"","potentialAction":[{"@type":"SearchAction","target":{"@type":"EntryPoint","urlTemplate":"https:\/\/www.msknm.sk\/?s={search_term_string}"},"query-input":{"@type":"PropertyValueSpecification","valueRequired":true,"valueName":"search_term_string"}}],"inLanguage":"sk-SK"}]}},"_links":{"self":[{"href":"https:\/\/www.msknm.sk\/index.php\/wp-json\/wp\/v2\/pages\/353","targetHints":{"allow":["GET"]}}],"collection":[{"href":"https:\/\/www.msknm.sk\/index.php\/wp-json\/wp\/v2\/pages"}],"about":[{"href":"https:\/\/www.msknm.sk\/index.php\/wp-json\/wp\/v2\/types\/page"}],"author":[{"embeddable":true,"href":"https:\/\/www.msknm.sk\/index.php\/wp-json\/wp\/v2\/users\/1"}],"replies":[{"embeddable":true,"href":"https:\/\/www.msknm.sk\/index.php\/wp-json\/wp\/v2\/comments?post=353"}],"version-history":[{"count":7,"href":"https:\/\/www.msknm.sk\/index.php\/wp-json\/wp\/v2\/pages\/353\/revisions"}],"predecessor-version":[{"id":361,"href":"https:\/\/www.msknm.sk\/index.php\/wp-json\/wp\/v2\/pages\/353\/revisions\/361"}],"wp:attachment":[{"href":"https:\/\/www.msknm.sk\/index.php\/wp-json\/wp\/v2\/media?parent=353"}],"curies":[{"name":"wp","href":"https:\/\/api.w.org\/{rel}","templated":true}]}}